{"id":114864,"date":"2024-11-20T13:57:21","date_gmt":"2024-11-20T12:57:21","guid":{"rendered":"https:\/\/secureus.se\/?post_type=product&#038;p=114864"},"modified":"2026-01-12T12:26:46","modified_gmt":"2026-01-12T11:26:46","slug":"inforam-sjalvhaftande-duraframe-a4-2","status":"publish","type":"product","link":"https:\/\/secureus.se\/es\/inforam-sjalvhaftande-duraframe-a4-2\/","title":{"rendered":"DURAFRAME\u00ae autoadhesivo Inforam A4"},"content":{"rendered":"<p>Utilice los marcos informativos autoadhesivos DURAFRAME\u00ae para mostrar ofertas promocionales, horarios de apertura, se\u00f1ales y otra informaci\u00f3n temporal o m\u00e1s permanente de una manera profesional, r\u00e1pida y sencilla:<br \/>\nRetire el papel protector, pegue el Duraframe, levante el frente con el cierre magn\u00e9tico, inserte una o dos hojas, doble el frente y \u00a1listo! F\u00e1cil de instalar, sin herramientas ni otros accesorios, en superficies s\u00f3lidas y lisas. M\u00e1s limpio y f\u00e1cil de manejar que, por ejemplo, la cinta, las chinchetas o las grapas. El inserto se mantiene firmemente en su lugar tanto en posici\u00f3n vertical como horizontal gracias a los imanes en los tres lados que se pueden abrir. El marco se ve igual en la parte delantera y trasera, lo que es bueno cuando se coloca sobre paneles de vidrio para mensajes de doble cara. Es desmontable de los paneles de cristal. Las superficies pintadas, revestidas o laminadas pueden da\u00f1arse si se quita el marco.<br \/>\nPara documentos en formato A4. Dimensiones externas 236\u00d7323 mm. DURAFRAME\u00ae est\u00e1 disponible para documentos de A6 a A2 en varios tama\u00f1os de embalaje. Disponible en varios colores para que la se\u00f1alizaci\u00f3n se adapte al mensaje, color del logotipo, temporada o sea lo suficientemente visible o quiz\u00e1s lo contrario: sea discreta.<br \/>\nPaquete de 2.<\/p>\n<p>Para uso en sustratos sensibles como papel tapiz o superficies pintadas, revestidas o laminadas, utilice PAPEL PINTADO DURAFRAME\u00ae.<br \/>\nPara uso en superficies de vidrio expuestas al sol, recomendamos DURAFRAME\u00ae SUN. <\/p>","protected":false},"excerpt":{"rendered":"<p>Marco de informaci\u00f3n autoadhesivo para mostrar la informaci\u00f3n de forma ordenada. Frontal con cierre magn\u00e9tico para f\u00e1cil sustituci\u00f3n del inserto. <\/p>","protected":false},"featured_media":135106,"template":"","meta":{"_acf_changed":false},"product_brand":[],"product_cat":[4296],"product_tag":[4382],"class_list":{"0":"post-114864","1":"product","2":"type-product","3":"status-publish","4":"has-post-thumbnail","6":"product_cat-inforamar-for-slata-ytor","7":"product_tag-silver","8":"product_shipping_class-tunga-paket","9":"pa_brands-durable","10":"pa_farg-silver","11":"tm-no-options","13":"first","14":"instock","15":"sale","16":"taxable","17":"shipping-taxable","18":"purchasable","19":"product-type-simple"},"acf":[],"_links":{"self":[{"href":"https:\/\/secureus.se\/es\/wp-json\/wp\/v2\/product\/114864","targetHints":{"allow":["GET"]}}],"collection":[{"href":"https:\/\/secureus.se\/es\/wp-json\/wp\/v2\/product"}],"about":[{"href":"https:\/\/secureus.se\/es\/wp-json\/wp\/v2\/types\/product"}],"wp:featuredmedia":[{"embeddable":true,"href":"https:\/\/secureus.se\/es\/wp-json\/wp\/v2\/media\/135106"}],"wp:attachment":[{"href":"https:\/\/secureus.se\/es\/wp-json\/wp\/v2\/media?parent=114864"}],"wp:term":[{"taxonomy":"product_brand","embeddable":true,"href":"https:\/\/secureus.se\/es\/wp-json\/wp\/v2\/product_brand?post=114864"},{"taxonomy":"product_cat","embeddable":true,"href":"https:\/\/secureus.se\/es\/wp-json\/wp\/v2\/product_cat?post=114864"},{"taxonomy":"product_tag","embeddable":true,"href":"https:\/\/secureus.se\/es\/wp-json\/wp\/v2\/product_tag?post=114864"}],"curies":[{"name":"wp","href":"https:\/\/api.w.org\/{rel}","templated":true}]}}