{"id":114923,"date":"2024-11-20T13:56:18","date_gmt":"2024-11-20T12:56:18","guid":{"rendered":"https:\/\/secureus.se\/?post_type=product&#038;p=114923"},"modified":"2026-01-12T12:25:39","modified_gmt":"2026-01-12T11:25:39","slug":"dorrskylt-click-sign-210x1485-a5-2","status":"publish","type":"product","link":"https:\/\/secureus.se\/es\/dorrskylt-click-sign-210x1485-a5-2\/","title":{"rendered":"Letrero de puerta CLICK SIGN 210\u00d7148,5 (A5)"},"content":{"rendered":"<p>Los carteles para puertas y paredes en distintos dise\u00f1os ayudan a los visitantes a orientarse y les informan sobre qui\u00e9n se encuentra en qu\u00e9 departamento, funci\u00f3n o sala de conferencias del recinto. La serie de r\u00f3tulos CLICK SIGN est\u00e1 disponible en cuatro colores para la posibilidad de tener diferentes colores en diferentes departamentos o pisos o simplemente porque es un color que se adapta al negocio. CLICK SIGN tiene un panel frontal abatible detr\u00e1s del cual se protege la hoja blanca con el texto. El kit de instalaci\u00f3n incluye tornillos, tacos y tiras autoadhesivas, as\u00ed como instrucciones de montaje y un cartel insertable de color blanco. Dise\u00f1e este cartel horizontal A5 (210\u00d7148,5) utilizando el programa gratuito DURAPRINT\u00ae disponible en www.duraprint.se e impr\u00edmalo en hojas A4, que se piden por separado.<br \/>\nAccesorios: Hojas A4 para impresi\u00f3n en impresoras l\u00e1ser, n\u00famero de pieza 485302<\/p>","protected":false},"excerpt":{"rendered":"<p>Placa de puerta de pl\u00e1stico con marco pintado en formato horizontal A5 210\u00d7148,5mm.<\/p>","protected":false},"featured_media":134885,"template":"","meta":{"_acf_changed":false},"product_brand":[],"product_cat":[4263],"product_tag":[4387],"class_list":{"0":"post-114923","1":"product","2":"type-product","3":"status-publish","4":"has-post-thumbnail","6":"product_cat-dorrskyltar-i-plast","7":"product_tag-bla","8":"product_shipping_class-tunga-paket","9":"pa_brands-durable","10":"pa_farg-bla","11":"tm-no-options","13":"first","14":"instock","15":"sale","16":"taxable","17":"shipping-taxable","18":"purchasable","19":"product-type-simple"},"acf":[],"_links":{"self":[{"href":"https:\/\/secureus.se\/es\/wp-json\/wp\/v2\/product\/114923","targetHints":{"allow":["GET"]}}],"collection":[{"href":"https:\/\/secureus.se\/es\/wp-json\/wp\/v2\/product"}],"about":[{"href":"https:\/\/secureus.se\/es\/wp-json\/wp\/v2\/types\/product"}],"wp:featuredmedia":[{"embeddable":true,"href":"https:\/\/secureus.se\/es\/wp-json\/wp\/v2\/media\/134885"}],"wp:attachment":[{"href":"https:\/\/secureus.se\/es\/wp-json\/wp\/v2\/media?parent=114923"}],"wp:term":[{"taxonomy":"product_brand","embeddable":true,"href":"https:\/\/secureus.se\/es\/wp-json\/wp\/v2\/product_brand?post=114923"},{"taxonomy":"product_cat","embeddable":true,"href":"https:\/\/secureus.se\/es\/wp-json\/wp\/v2\/product_cat?post=114923"},{"taxonomy":"product_tag","embeddable":true,"href":"https:\/\/secureus.se\/es\/wp-json\/wp\/v2\/product_tag?post=114923"}],"curies":[{"name":"wp","href":"https:\/\/api.w.org\/{rel}","templated":true}]}}