{"id":114960,"date":"2024-11-20T13:58:04","date_gmt":"2024-11-20T12:58:04","guid":{"rendered":"https:\/\/secureus.se\/?post_type=product&#038;p=114960"},"modified":"2026-01-12T12:28:51","modified_gmt":"2026-01-12T11:28:51","slug":"inforam-duraframe-grip-a4-2","status":"publish","type":"product","link":"https:\/\/secureus.se\/es\/inforam-duraframe-grip-a4-2\/","title":{"rendered":"Marco de informaci\u00f3n DURAFRAME\u00ae GRIP A4"},"content":{"rendered":"<p>Utilice los marcos de informaci\u00f3n DURAFRAME\u00ae GRIP para informaci\u00f3n que necesita colocarse en paredes textiles, como listas telef\u00f3nicas o listas de lectura que deben estar a mano.<br \/>\nF\u00e1cil de insertar o cambiar mensajes levantando el frente con cierre magn\u00e9tico. F\u00e1cil de instalar, sin herramientas ni otros accesorios, en muros de pantalla, absorbentes de sonido y paneles de anuncios textiles. Aseg\u00farese de que la parte posterior no entre en contacto con su ropa cuando la coloque, ya que la fina superficie de velcro en la parte posterior puede da\u00f1ar su ropa. Al retirar el marco de la superficie textil, tire de \u00e9l con cuidado hacia los lados, en sentido horizontal. Evite tirar de \u00e9l desde la parte superior o inferior. Es posible que haya algunas bolitas o hilos sueltos en el lugar donde estuvo el producto. <\/p>\n<p>Para documentos en formato A4. Dimensiones externas 236\u00d7323 mm.<br \/>\nColor: plata.<br \/>\nPaquete de 1.<\/p>","protected":false},"excerpt":{"rendered":"<p>Marco de informaci\u00f3n f\u00e1cil de usar para mostrar diversos tipos de informaci\u00f3n en paredes textiles. Para documentos en formato A4.<\/p>","protected":false},"featured_media":135024,"template":"","meta":{"_acf_changed":false},"product_brand":[],"product_cat":[4296],"product_tag":[4382],"class_list":{"0":"post-114960","1":"product","2":"type-product","3":"status-publish","4":"has-post-thumbnail","6":"product_cat-inforamar-for-slata-ytor","7":"product_tag-silver","8":"product_shipping_class-tunga-paket","9":"pa_brands-durable","10":"pa_farg-silver","11":"tm-no-options","13":"first","14":"instock","15":"sale","16":"taxable","17":"shipping-taxable","18":"purchasable","19":"product-type-simple"},"acf":[],"_links":{"self":[{"href":"https:\/\/secureus.se\/es\/wp-json\/wp\/v2\/product\/114960","targetHints":{"allow":["GET"]}}],"collection":[{"href":"https:\/\/secureus.se\/es\/wp-json\/wp\/v2\/product"}],"about":[{"href":"https:\/\/secureus.se\/es\/wp-json\/wp\/v2\/types\/product"}],"wp:featuredmedia":[{"embeddable":true,"href":"https:\/\/secureus.se\/es\/wp-json\/wp\/v2\/media\/135024"}],"wp:attachment":[{"href":"https:\/\/secureus.se\/es\/wp-json\/wp\/v2\/media?parent=114960"}],"wp:term":[{"taxonomy":"product_brand","embeddable":true,"href":"https:\/\/secureus.se\/es\/wp-json\/wp\/v2\/product_brand?post=114960"},{"taxonomy":"product_cat","embeddable":true,"href":"https:\/\/secureus.se\/es\/wp-json\/wp\/v2\/product_cat?post=114960"},{"taxonomy":"product_tag","embeddable":true,"href":"https:\/\/secureus.se\/es\/wp-json\/wp\/v2\/product_tag?post=114960"}],"curies":[{"name":"wp","href":"https:\/\/api.w.org\/{rel}","templated":true}]}}