{"id":114979,"date":"2024-11-05T18:04:56","date_gmt":"2024-11-05T17:04:56","guid":{"rendered":"https:\/\/secureus.se\/?post_type=product&#038;p=114979"},"modified":"2026-01-12T12:08:29","modified_gmt":"2026-01-12T11:08:29","slug":"nyckelbricka-key-clip-2","status":"publish","type":"product","link":"https:\/\/secureus.se\/es\/nyckelbricka-key-clip-2\/","title":{"rendered":"Etiqueta para llave KEY CLIP"},"content":{"rendered":"<p>Etiqueta para llave dise\u00f1ada para usar con el gabinete para llaves KEY BOX de Durable, que tiene tiras para llaves especiales donde las peque\u00f1as perillas laterales de la etiqueta para llave descansan en cada gancho. Esto significa que la llave cuelga detr\u00e1s de la bandeja y la ventana de etiquetas siempre es legible. Para cambiar la etiqueta basta con levantar el frente transparente y no es necesario retirar ni la llave ni el llavero. Las dimensiones de la etiqueta son 17\u00d740 mm y las dimensiones exteriores de la propia bandeja son 25\u00d765 mm. Se pueden descargar plantillas para imprimir etiquetas para llaveros desde https:\/\/www.durable.se\/service\/ladda-ner\/mallar.html. Esta bolsa mixta incluye 2 llaveros azules, 2 negros, 1 rojo y 1 amarillo.<\/p>","protected":false},"excerpt":{"rendered":"<p>Etiqueta para llave especialmente dise\u00f1ada, adecuada para el gabinete de llaves KEY BOX de Durable. 6 piezas\/paquete<\/p>","protected":false},"featured_media":135330,"template":"","meta":{"_acf_changed":false},"product_brand":[],"product_cat":[1932],"product_tag":[4397],"class_list":{"0":"post-114979","1":"product","2":"type-product","3":"status-publish","4":"has-post-thumbnail","6":"product_cat-nyckelgomma-nyckelbox","7":"product_tag-mix","8":"product_shipping_class-tunga-paket","9":"pa_brands-durable","10":"pa_farg-mix","11":"tm-no-options","13":"first","14":"instock","15":"sale","16":"taxable","17":"shipping-taxable","18":"purchasable","19":"product-type-simple"},"acf":[],"_links":{"self":[{"href":"https:\/\/secureus.se\/es\/wp-json\/wp\/v2\/product\/114979","targetHints":{"allow":["GET"]}}],"collection":[{"href":"https:\/\/secureus.se\/es\/wp-json\/wp\/v2\/product"}],"about":[{"href":"https:\/\/secureus.se\/es\/wp-json\/wp\/v2\/types\/product"}],"wp:featuredmedia":[{"embeddable":true,"href":"https:\/\/secureus.se\/es\/wp-json\/wp\/v2\/media\/135330"}],"wp:attachment":[{"href":"https:\/\/secureus.se\/es\/wp-json\/wp\/v2\/media?parent=114979"}],"wp:term":[{"taxonomy":"product_brand","embeddable":true,"href":"https:\/\/secureus.se\/es\/wp-json\/wp\/v2\/product_brand?post=114979"},{"taxonomy":"product_cat","embeddable":true,"href":"https:\/\/secureus.se\/es\/wp-json\/wp\/v2\/product_cat?post=114979"},{"taxonomy":"product_tag","embeddable":true,"href":"https:\/\/secureus.se\/es\/wp-json\/wp\/v2\/product_tag?post=114979"}],"curies":[{"name":"wp","href":"https:\/\/api.w.org\/{rel}","templated":true}]}}