{"id":114986,"date":"2024-11-20T14:02:48","date_gmt":"2024-11-20T13:02:48","guid":{"rendered":"https:\/\/secureus.se\/?post_type=product&#038;p=114986"},"modified":"2026-01-12T12:52:25","modified_gmt":"2026-01-12T11:52:25","slug":"combiboxx-1-3-a4","status":"publish","type":"product","link":"https:\/\/secureus.se\/es\/combiboxx-1-3-a4\/","title":{"rendered":"Caja combinada 1\/3 A4"},"content":{"rendered":"<p>Comb\u00ednalo como mejor te parezca con la serie COMBIBOXX ampliable y multifuncional. Este compartimento es para formato 1\/3 A4 o A6 (formato m\u00e1ximo 210\u00d7116 mm) como folletos de ventas, fichas de productos y folletos en ferias, exposiciones y recepciones. Dependiendo de c\u00f3mo se monte la parte posterior, la bandeja se puede colocar sobre la mesa o montar en la pared. La bandeja tiene capacidad para paquetes de 24 mm de espesor. El set contiene 1 compartimento, 2 paneles traseros, 1 panel frontal, 1 carril adaptador para combinar con COMBIBOXX A4, instrucciones de montaje y tornillos y tacos.<br \/>\nDimensiones como soporte de mesa 20x12x12 cm AltoxAnchoxProfundidad<br \/>\nDimensiones como soporte de pared 21x12x11 cm AltoxAnchoxProfundidad<\/p>","protected":false},"excerpt":{"rendered":"<p>Expositor de folletos COMBIBOXX para formato 1\/3 A4 vertical o A6. Se puede utilizar como soporte de mesa o de pared. Ampliable.<\/p>","protected":false},"featured_media":134793,"template":"","meta":{"_acf_changed":false},"product_brand":[],"product_cat":[4280],"product_tag":[4376],"class_list":{"0":"post-114986","1":"product","2":"type-product","3":"status-publish","4":"has-post-thumbnail","6":"product_cat-broschyrstall","7":"product_tag-transparent","8":"product_shipping_class-tunga-paket","9":"pa_brands-durable","10":"pa_farg-transparent","11":"tm-no-options","13":"first","14":"instock","15":"sale","16":"taxable","17":"shipping-taxable","18":"purchasable","19":"product-type-simple"},"acf":[],"_links":{"self":[{"href":"https:\/\/secureus.se\/es\/wp-json\/wp\/v2\/product\/114986","targetHints":{"allow":["GET"]}}],"collection":[{"href":"https:\/\/secureus.se\/es\/wp-json\/wp\/v2\/product"}],"about":[{"href":"https:\/\/secureus.se\/es\/wp-json\/wp\/v2\/types\/product"}],"wp:featuredmedia":[{"embeddable":true,"href":"https:\/\/secureus.se\/es\/wp-json\/wp\/v2\/media\/134793"}],"wp:attachment":[{"href":"https:\/\/secureus.se\/es\/wp-json\/wp\/v2\/media?parent=114986"}],"wp:term":[{"taxonomy":"product_brand","embeddable":true,"href":"https:\/\/secureus.se\/es\/wp-json\/wp\/v2\/product_brand?post=114986"},{"taxonomy":"product_cat","embeddable":true,"href":"https:\/\/secureus.se\/es\/wp-json\/wp\/v2\/product_cat?post=114986"},{"taxonomy":"product_tag","embeddable":true,"href":"https:\/\/secureus.se\/es\/wp-json\/wp\/v2\/product_tag?post=114986"}],"curies":[{"name":"wp","href":"https:\/\/api.w.org\/{rel}","templated":true}]}}