{"id":115010,"date":"2024-11-20T14:02:48","date_gmt":"2024-11-20T13:02:48","guid":{"rendered":"https:\/\/secureus.se\/?post_type=product&#038;p=115010"},"modified":"2026-01-12T12:51:49","modified_gmt":"2026-01-12T11:51:49","slug":"combiboxx-a4-set-xl","status":"publish","type":"product","link":"https:\/\/secureus.se\/es\/combiboxx-a4-set-xl\/","title":{"rendered":"Conjunto COMBIBOXX A4 XL"},"content":{"rendered":"<p>Comb\u00ednalo como mejor te parezca con la serie COMBIBOXX ampliable y multifuncional. Este juego de 5 compartimentos es para formatos verticales A4 (formato m\u00e1ximo 311\u00d7240 mm), como folletos de ventas, hojas de productos y folletos en ferias, exposiciones y recepciones. Dependiendo de c\u00f3mo se monte la parte trasera, el conjunto se puede colocar sobre la mesa o montar en la pared. Cada compartimento tiene capacidad para fardos de 24 mm de espesor. El conjunto contiene 5 compartimentos, 2 piezas traseras, 1 panel frontal, instrucciones de montaje y tornillos y tacos.<br \/>\nDimensiones como soporte de mesa 29x24x26 cm (altoxanchoxprofundidad)<br \/>\nDimensiones como soporte de pared: 58 x 24 x 15 mm (alto x ancho x profundidad)<br \/>\nAccesorios: Compartimento de expansi\u00f3n n\u00famero de pieza 857919<\/p>","protected":false},"excerpt":{"rendered":"<p>Expositor de folletos COMBIBOXX para formato vertical A4. Conjunto de 5 compartimentos que pueden utilizarse como soporte de mesa o de pared.<\/p>","protected":false},"featured_media":134772,"template":"","meta":{"_acf_changed":false},"product_brand":[],"product_cat":[4280],"product_tag":[4376],"class_list":{"0":"post-115010","1":"product","2":"type-product","3":"status-publish","4":"has-post-thumbnail","6":"product_cat-broschyrstall","7":"product_tag-transparent","8":"product_shipping_class-tunga-paket","9":"pa_brands-durable","10":"pa_farg-transparent","11":"tm-no-options","13":"first","14":"instock","15":"sale","16":"taxable","17":"shipping-taxable","18":"purchasable","19":"product-type-simple"},"acf":[],"_links":{"self":[{"href":"https:\/\/secureus.se\/es\/wp-json\/wp\/v2\/product\/115010","targetHints":{"allow":["GET"]}}],"collection":[{"href":"https:\/\/secureus.se\/es\/wp-json\/wp\/v2\/product"}],"about":[{"href":"https:\/\/secureus.se\/es\/wp-json\/wp\/v2\/types\/product"}],"wp:featuredmedia":[{"embeddable":true,"href":"https:\/\/secureus.se\/es\/wp-json\/wp\/v2\/media\/134772"}],"wp:attachment":[{"href":"https:\/\/secureus.se\/es\/wp-json\/wp\/v2\/media?parent=115010"}],"wp:term":[{"taxonomy":"product_brand","embeddable":true,"href":"https:\/\/secureus.se\/es\/wp-json\/wp\/v2\/product_brand?post=115010"},{"taxonomy":"product_cat","embeddable":true,"href":"https:\/\/secureus.se\/es\/wp-json\/wp\/v2\/product_cat?post=115010"},{"taxonomy":"product_tag","embeddable":true,"href":"https:\/\/secureus.se\/es\/wp-json\/wp\/v2\/product_tag?post=115010"}],"curies":[{"name":"wp","href":"https:\/\/api.w.org\/{rel}","templated":true}]}}