{"id":115022,"date":"2024-11-20T14:03:10","date_gmt":"2024-11-20T13:03:10","guid":{"rendered":"https:\/\/secureus.se\/?post_type=product&#038;p=115022"},"modified":"2026-01-12T12:51:59","modified_gmt":"2026-01-12T11:51:59","slug":"combiboxx-a4-staende-broschyrfack","status":"publish","type":"product","link":"https:\/\/secureus.se\/es\/combiboxx-a4-staende-broschyrfack\/","title":{"rendered":"Bandeja vertical para folletos COMBIBOXX A4"},"content":{"rendered":"<p>Comb\u00ednalo como mejor te parezca con la serie COMBIBOXX ampliable y multifuncional. Esta bandeja es para formatos verticales A4 (formato m\u00e1ximo 311\u00d7240 mm), como folletos de ventas, hojas de productos y folletos en ferias, exposiciones y recepciones. Dependiendo de c\u00f3mo se monte la parte posterior, la bandeja se puede colocar sobre la mesa o montar en la pared. La bandeja tiene capacidad para paquetes de 24 mm de espesor. El conjunto contiene 1 compartimento, 2 piezas traseras, 1 panel frontal, instrucciones de montaje y tornillos y tacos.<br \/>\nDimensiones como soporte de mesa 29 x 24 x 16 cm (alto x ancho x profundidad)<br \/>\nDimensiones como soporte de pared 30 x 24 x 15 cm (alto x ancho x profundidad)<br \/>\nAccesorios: Compartimento de expansi\u00f3n n\u00famero de pieza 857919<\/p>","protected":false},"excerpt":{"rendered":"<p>Expositor de folletos COMBIBOXX para formato vertical A4. Se puede utilizar como soporte de mesa o de pared. Ampliable.<\/p>","protected":false},"featured_media":134766,"template":"","meta":{"_acf_changed":false},"product_brand":[],"product_cat":[4280],"product_tag":[4376],"class_list":{"0":"post-115022","1":"product","2":"type-product","3":"status-publish","4":"has-post-thumbnail","6":"product_cat-broschyrstall","7":"product_tag-transparent","8":"product_shipping_class-tunga-paket","9":"pa_brands-durable","10":"pa_farg-transparent","11":"tm-no-options","13":"first","14":"instock","15":"sale","16":"taxable","17":"shipping-taxable","18":"purchasable","19":"product-type-simple"},"acf":[],"_links":{"self":[{"href":"https:\/\/secureus.se\/es\/wp-json\/wp\/v2\/product\/115022","targetHints":{"allow":["GET"]}}],"collection":[{"href":"https:\/\/secureus.se\/es\/wp-json\/wp\/v2\/product"}],"about":[{"href":"https:\/\/secureus.se\/es\/wp-json\/wp\/v2\/types\/product"}],"wp:featuredmedia":[{"embeddable":true,"href":"https:\/\/secureus.se\/es\/wp-json\/wp\/v2\/media\/134766"}],"wp:attachment":[{"href":"https:\/\/secureus.se\/es\/wp-json\/wp\/v2\/media?parent=115022"}],"wp:term":[{"taxonomy":"product_brand","embeddable":true,"href":"https:\/\/secureus.se\/es\/wp-json\/wp\/v2\/product_brand?post=115022"},{"taxonomy":"product_cat","embeddable":true,"href":"https:\/\/secureus.se\/es\/wp-json\/wp\/v2\/product_cat?post=115022"},{"taxonomy":"product_tag","embeddable":true,"href":"https:\/\/secureus.se\/es\/wp-json\/wp\/v2\/product_tag?post=115022"}],"curies":[{"name":"wp","href":"https:\/\/api.w.org\/{rel}","templated":true}]}}