{"id":115050,"date":"2024-11-20T14:41:22","date_gmt":"2024-11-20T13:41:22","guid":{"rendered":"https:\/\/secureus.se\/?post_type=product&#038;p=115050"},"modified":"2026-01-12T12:28:42","modified_gmt":"2026-01-12T11:28:42","slug":"magnetram-duraframe-magnetic-plus-a4-2","status":"publish","type":"product","link":"https:\/\/secureus.se\/es\/magnetram-duraframe-magnetic-plus-a4-2\/","title":{"rendered":"Marco magn\u00e9tico DURAFRAME\u00ae MAGNETIC PLUS A4"},"content":{"rendered":"<p>Utilice el marco de informaci\u00f3n magn\u00e9tico DURAFRAME\u00ae MAGNETIC PLUS para mostrar y presentar informaci\u00f3n temporal o m\u00e1s permanente de manera profesional.<br \/>\nEl documento est\u00e1 protegido entre dos l\u00e1minas de pl\u00e1stico que se mantienen unidas mediante cierres magn\u00e9ticos a lo largo de los tres lados que se pueden abrir. Bueno en entornos de producci\u00f3n, cocina y sanitarios, entre otros. Es f\u00e1cil cambiar la informaci\u00f3n: levante el frente, cambie el inserto y doble la p\u00e1gina hacia abajo nuevamente. La parte posterior de la l\u00e1mina de pl\u00e1stico inferior tiene tiras magn\u00e9ticas alrededor de todo el marco, que se adhieren a superficies como pizarras blancas, casilleros y paredes de metal.<br \/>\nPara documentos en formato A4. Dimensiones externas 236\u00d7323 mm.<br \/>\nPaquete de 1.<\/p>","protected":false},"excerpt":{"rendered":"<p>Marco magn\u00e9tico para mostrar la informaci\u00f3n de forma ordenada. El documento est\u00e1 protegido entre dos l\u00e1minas de pl\u00e1stico y es f\u00e1cil de reemplazar.<\/p>","protected":false},"featured_media":133587,"template":"","meta":{"_acf_changed":false},"product_brand":[],"product_cat":[4295],"product_tag":[4382],"class_list":{"0":"post-115050","1":"product","2":"type-product","3":"status-publish","4":"has-post-thumbnail","6":"product_cat-inforamar-for-metallytor","7":"product_tag-silver","8":"product_shipping_class-tunga-paket","9":"pa_brands-durable","10":"pa_farg-silver","11":"tm-no-options","13":"first","14":"instock","15":"sale","16":"taxable","17":"shipping-taxable","18":"purchasable","19":"product-type-simple"},"acf":[],"_links":{"self":[{"href":"https:\/\/secureus.se\/es\/wp-json\/wp\/v2\/product\/115050","targetHints":{"allow":["GET"]}}],"collection":[{"href":"https:\/\/secureus.se\/es\/wp-json\/wp\/v2\/product"}],"about":[{"href":"https:\/\/secureus.se\/es\/wp-json\/wp\/v2\/types\/product"}],"wp:featuredmedia":[{"embeddable":true,"href":"https:\/\/secureus.se\/es\/wp-json\/wp\/v2\/media\/133587"}],"wp:attachment":[{"href":"https:\/\/secureus.se\/es\/wp-json\/wp\/v2\/media?parent=115050"}],"wp:term":[{"taxonomy":"product_brand","embeddable":true,"href":"https:\/\/secureus.se\/es\/wp-json\/wp\/v2\/product_brand?post=115050"},{"taxonomy":"product_cat","embeddable":true,"href":"https:\/\/secureus.se\/es\/wp-json\/wp\/v2\/product_cat?post=115050"},{"taxonomy":"product_tag","embeddable":true,"href":"https:\/\/secureus.se\/es\/wp-json\/wp\/v2\/product_tag?post=115050"}],"curies":[{"name":"wp","href":"https:\/\/api.w.org\/{rel}","templated":true}]}}