{"id":115056,"date":"2024-11-20T13:57:46","date_gmt":"2024-11-20T12:57:46","guid":{"rendered":"https:\/\/secureus.se\/?post_type=product&#038;p=115056"},"modified":"2026-01-12T12:24:06","modified_gmt":"2026-01-12T11:24:06","slug":"dorrskylt-info-sign-149x1485","status":"publish","type":"product","link":"https:\/\/secureus.se\/es\/dorrskylt-info-sign-149x1485\/","title":{"rendered":"Letrero de puerta INFO SIGN 149\u00d7148,5"},"content":{"rendered":"<p>Los elegantes carteles para puertas y paredes en diferentes dise\u00f1os ayudan a los visitantes a orientarse y les informan sobre qui\u00e9n se encuentra en qu\u00e9 departamento, funci\u00f3n o sala de conferencias dentro de las instalaciones. La serie de carteles INFO SIGN dispone de tiras traseras y laterales de aluminio. La hoja blanca con el texto est\u00e1 protegida detr\u00e1s del panel frontal no reflectante, que se empuja hacia abajo en las tiras del borde y se mantiene en su lugar mediante dos soportes negros. Se incluye plantilla para taladrar agujeros, instrucciones de montaje, un cartel insertable blanco, tornillos, tacos y almohadillas de montaje. Dise\u00f1e este peque\u00f1o cartel (149\u00d7149) utilizando el programa gratuito DURAPRINT\u00ae disponible en www.duraprint.se. Imprima en hojas A4 con 2 etiquetas por hoja, que se piden por separado.<br \/>\nAccesorios: Hojas A4 para imprimir en impresoras l\u00e1ser, n\u00famero de pieza 485202. <\/p>","protected":false},"excerpt":{"rendered":"<p>Elegante cartel para puerta en formato 149x149 mm. Fabricado en aluminio con panel frontal antirreflectante en pl\u00e1stico acr\u00edlico.<\/p>","protected":false},"featured_media":134730,"template":"","meta":{"_acf_changed":false},"product_brand":[],"product_cat":[4265],"product_tag":[4382],"class_list":{"0":"post-115056","1":"product","2":"type-product","3":"status-publish","4":"has-post-thumbnail","6":"product_cat-dorrskyltar-i-alumunium","7":"product_tag-silver","8":"product_shipping_class-tunga-paket","9":"pa_brands-durable","10":"pa_farg-silver","11":"tm-no-options","13":"first","14":"instock","15":"sale","16":"taxable","17":"shipping-taxable","18":"purchasable","19":"product-type-simple"},"acf":[],"_links":{"self":[{"href":"https:\/\/secureus.se\/es\/wp-json\/wp\/v2\/product\/115056","targetHints":{"allow":["GET"]}}],"collection":[{"href":"https:\/\/secureus.se\/es\/wp-json\/wp\/v2\/product"}],"about":[{"href":"https:\/\/secureus.se\/es\/wp-json\/wp\/v2\/types\/product"}],"wp:featuredmedia":[{"embeddable":true,"href":"https:\/\/secureus.se\/es\/wp-json\/wp\/v2\/media\/134730"}],"wp:attachment":[{"href":"https:\/\/secureus.se\/es\/wp-json\/wp\/v2\/media?parent=115056"}],"wp:term":[{"taxonomy":"product_brand","embeddable":true,"href":"https:\/\/secureus.se\/es\/wp-json\/wp\/v2\/product_brand?post=115056"},{"taxonomy":"product_cat","embeddable":true,"href":"https:\/\/secureus.se\/es\/wp-json\/wp\/v2\/product_cat?post=115056"},{"taxonomy":"product_tag","embeddable":true,"href":"https:\/\/secureus.se\/es\/wp-json\/wp\/v2\/product_tag?post=115056"}],"curies":[{"name":"wp","href":"https:\/\/api.w.org\/{rel}","templated":true}]}}