{"id":115090,"date":"2024-11-20T13:55:22","date_gmt":"2024-11-20T12:55:22","guid":{"rendered":"https:\/\/secureus.se\/?post_type=product&#038;p=115090"},"modified":"2026-01-12T12:24:26","modified_gmt":"2026-01-12T11:24:26","slug":"crystal-sign-105x105-refill","status":"publish","type":"product","link":"https:\/\/secureus.se\/es\/crystal-sign-105x105-refill\/","title":{"rendered":"Recambio de letrero de cristal 105\u00d7105"},"content":{"rendered":"<p>Hojas insertables esmeriladas que se adaptan al r\u00f3tulo CRYSTAL SIGN 4820 en formato 105x105mm. Dise\u00f1e el cartel utilizando el programa gratuito DURAPRINT\u00ae disponible en www.duraprint.se e impr\u00edmalo con una impresora l\u00e1ser sobre la l\u00e1mina esmerilada. Un paquete contiene 10 hojas con 4 insertos de se\u00f1alizaci\u00f3n por hoja. Las l\u00e1minas est\u00e1n perforadas y son f\u00e1ciles de romper.<\/p>","protected":false},"excerpt":{"rendered":"<p>10 hojas que proporcionan 40 insertos esmerilados para el r\u00f3tulo CRYSTAL SIGN 4820 en formato 105x105mm.<\/p>","protected":false},"featured_media":134928,"template":"","meta":{"_acf_changed":false},"product_brand":[],"product_cat":[4264],"product_tag":[4376],"class_list":{"0":"post-115090","1":"product","2":"type-product","3":"status-publish","4":"has-post-thumbnail","6":"product_cat-dorrskyltar-i-akryl","7":"product_tag-transparent","8":"product_shipping_class-tunga-paket","9":"pa_brands-durable","10":"pa_farg-transparent","11":"tm-no-options","13":"first","14":"instock","15":"sale","16":"taxable","17":"shipping-taxable","18":"purchasable","19":"product-type-simple"},"acf":[],"_links":{"self":[{"href":"https:\/\/secureus.se\/es\/wp-json\/wp\/v2\/product\/115090","targetHints":{"allow":["GET"]}}],"collection":[{"href":"https:\/\/secureus.se\/es\/wp-json\/wp\/v2\/product"}],"about":[{"href":"https:\/\/secureus.se\/es\/wp-json\/wp\/v2\/types\/product"}],"wp:featuredmedia":[{"embeddable":true,"href":"https:\/\/secureus.se\/es\/wp-json\/wp\/v2\/media\/134928"}],"wp:attachment":[{"href":"https:\/\/secureus.se\/es\/wp-json\/wp\/v2\/media?parent=115090"}],"wp:term":[{"taxonomy":"product_brand","embeddable":true,"href":"https:\/\/secureus.se\/es\/wp-json\/wp\/v2\/product_brand?post=115090"},{"taxonomy":"product_cat","embeddable":true,"href":"https:\/\/secureus.se\/es\/wp-json\/wp\/v2\/product_cat?post=115090"},{"taxonomy":"product_tag","embeddable":true,"href":"https:\/\/secureus.se\/es\/wp-json\/wp\/v2\/product_tag?post=115090"}],"curies":[{"name":"wp","href":"https:\/\/api.w.org\/{rel}","templated":true}]}}