{"id":115104,"date":"2024-11-20T13:55:22","date_gmt":"2024-11-20T12:55:22","guid":{"rendered":"https:\/\/secureus.se\/?post_type=product&#038;p=115104"},"modified":"2026-01-12T12:25:11","modified_gmt":"2026-01-12T11:25:11","slug":"dorrskylt-crystal-sign-148x105-a6","status":"publish","type":"product","link":"https:\/\/secureus.se\/es\/dorrskylt-crystal-sign-148x105-a6\/","title":{"rendered":"Letrero de puerta CRYSTAL SIGN 148\u00d7105 (A6)"},"content":{"rendered":"<p>Los elegantes carteles para puertas y paredes en diferentes dise\u00f1os ayudan a los visitantes a orientarse y les informan sobre qui\u00e9n se encuentra en qu\u00e9 departamento, funci\u00f3n o sala de conferencias dentro de las instalaciones. La serie de letreros CRYSTAL SIGN consta de 2 placas de acr\u00edlico con una hoja insertada esmerilada para el texto y todo se mantiene unido mediante tornillos decorativos. El cartel se atornilla con un espaciador met\u00e1lico, lo que significa que el cartel queda a 3 cm de la pared. Se incluyen plantilla para realizar agujeros, instrucciones de montaje, 2 hojas insertables esmeriladas, as\u00ed como tornillos y tacos. Dise\u00f1e el cartel utilizando el programa gratuito DURAPRINT\u00ae disponible en www.duraprint.se. e imprimir con impresora l\u00e1ser sobre hoja insertable esmerilada en formato horizontal A6 (148\u00d7105 mm.)<br \/>\nAccesorios: Recambio de hojas insertables esmeriladas, n\u00famero de art\u00edculo 483119   <\/p>","protected":false},"excerpt":{"rendered":"<p>Elegante y discreto cartel para puerta fabricado en pl\u00e1stico acr\u00edlico en formato horizontal A6 (148x105mm).<\/p>","protected":false},"featured_media":134731,"template":"","meta":{"_acf_changed":false},"product_brand":[],"product_cat":[4264],"product_tag":[4376],"class_list":{"0":"post-115104","1":"product","2":"type-product","3":"status-publish","4":"has-post-thumbnail","6":"product_cat-dorrskyltar-i-akryl","7":"product_tag-transparent","8":"product_shipping_class-tunga-paket","9":"pa_brands-durable","10":"pa_farg-transparent","11":"tm-no-options","13":"first","14":"instock","15":"sale","16":"taxable","17":"shipping-taxable","18":"purchasable","19":"product-type-simple"},"acf":[],"_links":{"self":[{"href":"https:\/\/secureus.se\/es\/wp-json\/wp\/v2\/product\/115104","targetHints":{"allow":["GET"]}}],"collection":[{"href":"https:\/\/secureus.se\/es\/wp-json\/wp\/v2\/product"}],"about":[{"href":"https:\/\/secureus.se\/es\/wp-json\/wp\/v2\/types\/product"}],"wp:featuredmedia":[{"embeddable":true,"href":"https:\/\/secureus.se\/es\/wp-json\/wp\/v2\/media\/134731"}],"wp:attachment":[{"href":"https:\/\/secureus.se\/es\/wp-json\/wp\/v2\/media?parent=115104"}],"wp:term":[{"taxonomy":"product_brand","embeddable":true,"href":"https:\/\/secureus.se\/es\/wp-json\/wp\/v2\/product_brand?post=115104"},{"taxonomy":"product_cat","embeddable":true,"href":"https:\/\/secureus.se\/es\/wp-json\/wp\/v2\/product_cat?post=115104"},{"taxonomy":"product_tag","embeddable":true,"href":"https:\/\/secureus.se\/es\/wp-json\/wp\/v2\/product_tag?post=115104"}],"curies":[{"name":"wp","href":"https:\/\/api.w.org\/{rel}","templated":true}]}}