{"id":115106,"date":"2024-11-20T13:58:42","date_gmt":"2024-11-20T12:58:42","guid":{"rendered":"https:\/\/secureus.se\/?post_type=product&#038;p=115106"},"modified":"2026-01-12T12:57:45","modified_gmt":"2026-01-12T11:57:45","slug":"inforam-sjalvhaftande-duraframe-security-a4-2","status":"publish","type":"product","link":"https:\/\/secureus.se\/es\/inforam-sjalvhaftande-duraframe-security-a4-2\/","title":{"rendered":"DURAFRAME\u00ae SECURITY A4 autoadhesivo de Inforam"},"content":{"rendered":"<p>Muestre informaci\u00f3n de seguridad y advertencia temporal o m\u00e1s permanente de forma profesional, r\u00e1pida y sencilla con los marcos de informaci\u00f3n autoadhesivos DURAFRAME\u00ae SECURITY. Retire el papel protector, pegue el Duraframe, levante el frente con el cierre magn\u00e9tico, inserte una o dos hojas, doble el frente y \u00a1listo! F\u00e1cil de instalar, sin herramientas ni otros accesorios, en superficies s\u00f3lidas y lisas. M\u00e1s limpio y f\u00e1cil de manejar que, por ejemplo, la cinta, las chinchetas o las grapas. El inserto se mantiene firmemente en su lugar tanto en posici\u00f3n vertical como horizontal gracias a los imanes en los tres lados que se pueden abrir. El marco se ve igual en la parte delantera y trasera, lo que es bueno cuando se coloca sobre paneles de vidrio para mensajes de doble cara. Es desmontable de los paneles de cristal. Las superficies pintadas, revestidas o laminadas pueden da\u00f1arse si se quita el marco.<br \/>\nPara documentos en formato A4. Dimensiones externas 236\u00d7323 mm. Los colores rojo\/blanco se\u00f1alan informaci\u00f3n de protecci\u00f3n contra incendios de acuerdo con la norma ISO 3864-4 para colores de seguridad.<br \/>\nPaquete de 2.<\/p>","protected":false},"excerpt":{"rendered":"<p>Marco de informaci\u00f3n autoadhesivo para mostrar informaci\u00f3n de seguridad importante, avisos y advertencias de forma ordenada. Frontal con cierre magn\u00e9tico para f\u00e1cil sustituci\u00f3n del inserto. <\/p>","protected":false},"featured_media":134681,"template":"","meta":{"_acf_changed":false},"product_brand":[],"product_cat":[4296],"product_tag":[4386],"class_list":{"0":"post-115106","1":"product","2":"type-product","3":"status-publish","4":"has-post-thumbnail","6":"product_cat-inforamar-for-slata-ytor","7":"product_tag-gul-svart","8":"product_shipping_class-tunga-paket","9":"pa_brands-durable","10":"pa_farg-gul-svart","11":"tm-no-options","13":"first","14":"instock","15":"sale","16":"taxable","17":"shipping-taxable","18":"purchasable","19":"product-type-simple"},"acf":[],"_links":{"self":[{"href":"https:\/\/secureus.se\/es\/wp-json\/wp\/v2\/product\/115106","targetHints":{"allow":["GET"]}}],"collection":[{"href":"https:\/\/secureus.se\/es\/wp-json\/wp\/v2\/product"}],"about":[{"href":"https:\/\/secureus.se\/es\/wp-json\/wp\/v2\/types\/product"}],"wp:featuredmedia":[{"embeddable":true,"href":"https:\/\/secureus.se\/es\/wp-json\/wp\/v2\/media\/134681"}],"wp:attachment":[{"href":"https:\/\/secureus.se\/es\/wp-json\/wp\/v2\/media?parent=115106"}],"wp:term":[{"taxonomy":"product_brand","embeddable":true,"href":"https:\/\/secureus.se\/es\/wp-json\/wp\/v2\/product_brand?post=115106"},{"taxonomy":"product_cat","embeddable":true,"href":"https:\/\/secureus.se\/es\/wp-json\/wp\/v2\/product_cat?post=115106"},{"taxonomy":"product_tag","embeddable":true,"href":"https:\/\/secureus.se\/es\/wp-json\/wp\/v2\/product_tag?post=115106"}],"curies":[{"name":"wp","href":"https:\/\/api.w.org\/{rel}","templated":true}]}}