{"id":115136,"date":"2024-11-20T14:11:39","date_gmt":"2024-11-20T13:11:39","guid":{"rendered":"https:\/\/secureus.se\/?post_type=product&#038;p=115136"},"modified":"2026-01-12T12:03:50","modified_gmt":"2026-01-12T11:03:50","slug":"magnetetikett-c-profile-20-50-pack","status":"publish","type":"product","link":"https:\/\/secureus.se\/es\/magnetetikett-c-profile-20-50-pack\/","title":{"rendered":"Etiqueta magn\u00e9tica C-PROFILE 20 paquete de 50"},"content":{"rendered":"<p>Portaetiquetas magn\u00e9tico incl. Etiqueta y pl\u00e1stico transparente que protege contra la suciedad. Para marcar y escanear, por ejemplo, precios y c\u00f3digos de barras en bordes de estanter\u00edas, estanter\u00edas de pal\u00e9s, armarios, cambiadores y cajas met\u00e1licas. F\u00e1cil de mover cuando las mercanc\u00edas cambian de ubicaci\u00f3n de almacenamiento para tener siempre el etiquetado actualizado. Plantillas gratuitas para dise\u00f1ar e imprimir etiquetas elegantes est\u00e1n disponibles en www.duraprint.se.<br \/>\nDimensiones: 200 x 20 mm (largo x alto)<br \/>\nAccesorios:<br \/>\nEtiquetas adicionales en hojas A5 para imprimir en impresora, art\u00edculo n.\u00ba 800002.<\/p>","protected":false},"excerpt":{"rendered":"<p>Portaetiquetas magn\u00e9tico con etiquetas blancas y pl\u00e1stico protector transparente. Altura de escritura 2 cm, longitud 20 cm.<\/p>","protected":false},"featured_media":133680,"template":"","meta":{"_acf_changed":false},"product_brand":[],"product_cat":[4269],"product_tag":[4390],"class_list":{"0":"post-115136","1":"product","2":"type-product","3":"status-publish","4":"has-post-thumbnail","6":"product_cat-magnetisk-fastsattning","7":"product_tag-morkgra","8":"product_shipping_class-tunga-paket","9":"pa_brands-durable","10":"pa_farg-morkgra","11":"tm-no-options","13":"first","14":"instock","15":"sale","16":"taxable","17":"shipping-taxable","18":"purchasable","19":"product-type-simple"},"acf":[],"_links":{"self":[{"href":"https:\/\/secureus.se\/es\/wp-json\/wp\/v2\/product\/115136","targetHints":{"allow":["GET"]}}],"collection":[{"href":"https:\/\/secureus.se\/es\/wp-json\/wp\/v2\/product"}],"about":[{"href":"https:\/\/secureus.se\/es\/wp-json\/wp\/v2\/types\/product"}],"wp:featuredmedia":[{"embeddable":true,"href":"https:\/\/secureus.se\/es\/wp-json\/wp\/v2\/media\/133680"}],"wp:attachment":[{"href":"https:\/\/secureus.se\/es\/wp-json\/wp\/v2\/media?parent=115136"}],"wp:term":[{"taxonomy":"product_brand","embeddable":true,"href":"https:\/\/secureus.se\/es\/wp-json\/wp\/v2\/product_brand?post=115136"},{"taxonomy":"product_cat","embeddable":true,"href":"https:\/\/secureus.se\/es\/wp-json\/wp\/v2\/product_cat?post=115136"},{"taxonomy":"product_tag","embeddable":true,"href":"https:\/\/secureus.se\/es\/wp-json\/wp\/v2\/product_tag?post=115136"}],"curies":[{"name":"wp","href":"https:\/\/api.w.org\/{rel}","templated":true}]}}