{"id":115141,"date":"2024-11-20T14:07:56","date_gmt":"2024-11-20T13:07:56","guid":{"rendered":"https:\/\/secureus.se\/?post_type=product&#038;p=115141"},"modified":"2026-01-12T12:57:11","modified_gmt":"2026-01-12T11:57:11","slug":"flexiplus-6-a4-staende-brochyrfack-3","status":"publish","type":"product","link":"https:\/\/secureus.se\/es\/flexiplus-6-a4-staende-brochyrfack-3\/","title":{"rendered":"Bandeja para folletos FLEXIPLUS 6 A4 vertical"},"content":{"rendered":"<p>Bandejas para formularios, soportes para folletos, bandejas para correo: FLEXIPLUS es una serie de soportes de pared flexibles y que ahorran espacio para folletos, revistas, formularios y otra informaci\u00f3n en formato A4. Cada compartimento tiene capacidad para fardos de 24 mm de espesor. Se trata de un conjunto completo de 6 compartimentos en formato vertical donde los compartimentos se pueden ensamblar entre s\u00ed o utilizar individualmente. Se incluye un juego de tornillos y tacos. Las dimensiones de cada compartimento son 25\u00d727,5\u00d73,5 cm (AnchoxAltoxProfundidad). Montado en \u00e1ngulo respecto a la pared, mide 10 cm de alto y 25 cm de ancho y 74,5 cm de alto cuando se ensamblan los 6 compartimentos. Se puede ampliar con m\u00e1s compartimentos seg\u00fan sea necesario enganchando los compartimentos uno tras otro.<br \/>\nAccesorios: M\u00e1s compartimentos en juego de 2, n\u00famero de art\u00edculo 1709008400<\/p>","protected":false},"excerpt":{"rendered":"<p>Juego completo de 6 bandejas para folletos FLEXIPLUS A4 en formato vertical.<\/p>","protected":false},"featured_media":133844,"template":"","meta":{"_acf_changed":false},"product_brand":[],"product_cat":[4280],"product_tag":[4376],"class_list":{"0":"post-115141","1":"product","2":"type-product","3":"status-publish","4":"has-post-thumbnail","6":"product_cat-broschyrstall","7":"product_tag-transparent","8":"product_shipping_class-tunga-paket","9":"pa_brands-durable","10":"pa_farg-transparent","11":"tm-no-options","13":"first","14":"instock","15":"sale","16":"taxable","17":"shipping-taxable","18":"purchasable","19":"product-type-simple"},"acf":[],"_links":{"self":[{"href":"https:\/\/secureus.se\/es\/wp-json\/wp\/v2\/product\/115141","targetHints":{"allow":["GET"]}}],"collection":[{"href":"https:\/\/secureus.se\/es\/wp-json\/wp\/v2\/product"}],"about":[{"href":"https:\/\/secureus.se\/es\/wp-json\/wp\/v2\/types\/product"}],"wp:featuredmedia":[{"embeddable":true,"href":"https:\/\/secureus.se\/es\/wp-json\/wp\/v2\/media\/133844"}],"wp:attachment":[{"href":"https:\/\/secureus.se\/es\/wp-json\/wp\/v2\/media?parent=115141"}],"wp:term":[{"taxonomy":"product_brand","embeddable":true,"href":"https:\/\/secureus.se\/es\/wp-json\/wp\/v2\/product_brand?post=115141"},{"taxonomy":"product_cat","embeddable":true,"href":"https:\/\/secureus.se\/es\/wp-json\/wp\/v2\/product_cat?post=115141"},{"taxonomy":"product_tag","embeddable":true,"href":"https:\/\/secureus.se\/es\/wp-json\/wp\/v2\/product_tag?post=115141"}],"curies":[{"name":"wp","href":"https:\/\/api.w.org\/{rel}","templated":true}]}}