{"id":115151,"date":"2024-11-20T14:00:17","date_gmt":"2024-11-20T13:00:17","guid":{"rendered":"https:\/\/secureus.se\/?post_type=product&#038;p=115151"},"modified":"2026-01-12T12:24:41","modified_gmt":"2026-01-12T11:24:41","slug":"inforam-duraframe-sun-a4-2","status":"publish","type":"product","link":"https:\/\/secureus.se\/es\/inforam-duraframe-sun-a4-2\/","title":{"rendered":"Marco de informaci\u00f3n DURAFRAME\u00ae SUN A4"},"content":{"rendered":"<p>Utilice los marcos informativos DURAFRAME\u00ae SUN para mostrar y presentar ofertas promocionales, horarios de apertura, publicidad, etc. de forma profesional en escaparates expuestos a la luz solar.<br \/>\nF\u00e1cil de insertar o cambiar mensajes levantando el frente con cierre magn\u00e9tico. F\u00e1cil de instalar: simplemente roc\u00ede un poco de agua mezclada con una gota de l\u00edquido lavavajillas en la parte posterior y el marco se adherir\u00e1 est\u00e1ticamente a la superficie del vidrio. \u00a1M\u00e1s bonito que la cinta! Se puede utilizar varias veces y no deja rastros.<br \/>\nEl marco se ve igual en la parte delantera y trasera.<br \/>\nResistente al calor hasta 70\u00b0 y estable a los rayos UV hasta 2 a\u00f1os.<br \/>\nPara documentos en formato A4. Dimensiones externas 236\u00d7323 mm.<br \/>\nPaquete de 2.<\/p>","protected":false},"excerpt":{"rendered":"<p>Marco de informaci\u00f3n que se fija est\u00e1ticamente a los paneles de vidrio. Para diversos tipos de informaci\u00f3n en formato A4 que est\u00e9 expuesta a la luz solar. Estable a los rayos UV y resistente al calor.<\/p>","protected":false},"featured_media":134957,"template":"","meta":{"_acf_changed":false},"product_brand":[],"product_cat":[4294],"product_tag":[4381],"class_list":{"0":"post-115151","1":"product","2":"type-product","3":"status-publish","4":"has-post-thumbnail","6":"product_cat-inforamar-for-solexponerade-ytor","7":"product_tag-svart","8":"product_shipping_class-tunga-paket","9":"pa_brands-durable","10":"pa_farg-svart","11":"tm-no-options","13":"first","14":"instock","15":"sale","16":"taxable","17":"shipping-taxable","18":"purchasable","19":"product-type-simple"},"acf":[],"_links":{"self":[{"href":"https:\/\/secureus.se\/es\/wp-json\/wp\/v2\/product\/115151","targetHints":{"allow":["GET"]}}],"collection":[{"href":"https:\/\/secureus.se\/es\/wp-json\/wp\/v2\/product"}],"about":[{"href":"https:\/\/secureus.se\/es\/wp-json\/wp\/v2\/types\/product"}],"wp:featuredmedia":[{"embeddable":true,"href":"https:\/\/secureus.se\/es\/wp-json\/wp\/v2\/media\/134957"}],"wp:attachment":[{"href":"https:\/\/secureus.se\/es\/wp-json\/wp\/v2\/media?parent=115151"}],"wp:term":[{"taxonomy":"product_brand","embeddable":true,"href":"https:\/\/secureus.se\/es\/wp-json\/wp\/v2\/product_brand?post=115151"},{"taxonomy":"product_cat","embeddable":true,"href":"https:\/\/secureus.se\/es\/wp-json\/wp\/v2\/product_cat?post=115151"},{"taxonomy":"product_tag","embeddable":true,"href":"https:\/\/secureus.se\/es\/wp-json\/wp\/v2\/product_tag?post=115151"}],"curies":[{"name":"wp","href":"https:\/\/api.w.org\/{rel}","templated":true}]}}