{"id":115164,"date":"2024-11-20T14:00:17","date_gmt":"2024-11-20T13:00:17","guid":{"rendered":"https:\/\/secureus.se\/?post_type=product&#038;p=115164"},"modified":"2026-01-12T12:25:12","modified_gmt":"2026-01-12T11:25:12","slug":"inforam-duraframe-wallpaper-a3-2","status":"publish","type":"product","link":"https:\/\/secureus.se\/es\/inforam-duraframe-wallpaper-a3-2\/","title":{"rendered":"Marco de informaci\u00f3n PAPEL PINTADO DURAFRAME\u00ae A3"},"content":{"rendered":"<p>Utilice marcos de informaci\u00f3n autoadhesivos DURAFRAME\u00ae WALLPAPER para mostrar y presentar ofertas promocionales, horarios de apertura, carteles y otra informaci\u00f3n temporal o m\u00e1s permanente de forma profesional. Se puede aplicar a superficies sensibles como papel tapiz, madera y la mayor\u00eda de superficies de pl\u00e1stico con las tiras autoadhesivas.<br \/>\nF\u00e1cil de insertar o cambiar mensajes levantando el frente con cierre magn\u00e9tico. El papel pintado DURAFRAME\u00ae se puede retirar sin dejar marcas ni da\u00f1ar el sustrato siguiendo las instrucciones del embalaje y los s\u00edmbolos del marco. Juego de repuesto de 4 tiras adhesivas incluido.<br \/>\nPara documentos en formato A3. Dimensiones externas 323\u00d7446 mm.<br \/>\nPaquete de 1.<\/p>","protected":false},"excerpt":{"rendered":"<p>Marco de informaci\u00f3n autoadhesivo, f\u00e1cil de usar, para colocar diversos tipos de informaci\u00f3n en superficies sensibles, como papel tapiz. Para documentos en formato A3. Con marco magn\u00e9tico abrible para formato A4. Se fija con tiras adhesivas que funcionan en superficies sensibles como papel tapiz, etc. <\/p>","protected":false},"featured_media":134664,"template":"","meta":{"_acf_changed":false},"product_brand":[],"product_cat":[4292],"product_tag":[4381],"class_list":{"0":"post-115164","1":"product","2":"type-product","3":"status-publish","4":"has-post-thumbnail","6":"product_cat-inforamar-for-kansliga-ytor","7":"product_tag-svart","8":"product_shipping_class-tunga-paket","9":"pa_brands-durable","10":"pa_farg-svart","11":"tm-no-options","13":"first","14":"instock","15":"sale","16":"taxable","17":"shipping-taxable","18":"purchasable","19":"product-type-simple"},"acf":[],"_links":{"self":[{"href":"https:\/\/secureus.se\/es\/wp-json\/wp\/v2\/product\/115164","targetHints":{"allow":["GET"]}}],"collection":[{"href":"https:\/\/secureus.se\/es\/wp-json\/wp\/v2\/product"}],"about":[{"href":"https:\/\/secureus.se\/es\/wp-json\/wp\/v2\/types\/product"}],"wp:featuredmedia":[{"embeddable":true,"href":"https:\/\/secureus.se\/es\/wp-json\/wp\/v2\/media\/134664"}],"wp:attachment":[{"href":"https:\/\/secureus.se\/es\/wp-json\/wp\/v2\/media?parent=115164"}],"wp:term":[{"taxonomy":"product_brand","embeddable":true,"href":"https:\/\/secureus.se\/es\/wp-json\/wp\/v2\/product_brand?post=115164"},{"taxonomy":"product_cat","embeddable":true,"href":"https:\/\/secureus.se\/es\/wp-json\/wp\/v2\/product_cat?post=115164"},{"taxonomy":"product_tag","embeddable":true,"href":"https:\/\/secureus.se\/es\/wp-json\/wp\/v2\/product_tag?post=115164"}],"curies":[{"name":"wp","href":"https:\/\/api.w.org\/{rel}","templated":true}]}}