{"id":115206,"date":"2024-11-20T14:40:31","date_gmt":"2024-11-20T13:40:31","guid":{"rendered":"https:\/\/secureus.se\/?post_type=product&#038;p=115206"},"modified":"2026-01-12T12:51:28","modified_gmt":"2026-01-12T11:51:28","slug":"id-korthallare-outdoor-secure-armbindel-for-1-kort","status":"publish","type":"product","link":"https:\/\/secureus.se\/es\/id-korthallare-outdoor-secure-armbindel-for-1-kort\/","title":{"rendered":"Portatarjetas de identificaci\u00f3n OUTDOOR SECURE Brazalete para 1 tarjeta"},"content":{"rendered":"<p>Proteja su tarjeta de identificaci\u00f3n, tarjeta de autorizaci\u00f3n o tarjeta de acceso utilizando un porta tarjetas con un dise\u00f1o y fijaci\u00f3n personalizados, de modo que la tarjeta siempre quede bien colocada sin estorbar, pero siga siendo f\u00e1cilmente accesible. Brazalete ajustable de 7-18 cm con tarjetero, resistente al agua y a los rayos UV, y que soporta temperaturas de hasta -20\u00b0C, lo que lo hace ideal para uso en exteriores. Para tarjetas est\u00e1ndar aprox. 54x86 mm.<\/p>","protected":false},"excerpt":{"rendered":"<p>Brazalete con portatarjetas para 1 tarjeta de acceso horizontal en formato est\u00e1ndar. 10 piezas\/paquete<\/p>","protected":false},"featured_media":133187,"template":"","meta":{"_acf_changed":false},"product_brand":[],"product_cat":[1671],"product_tag":[4376],"class_list":{"0":"post-115206","1":"product","2":"type-product","3":"status-publish","4":"has-post-thumbnail","6":"product_cat-korthallare-for-arbetsplagg","7":"product_tag-transparent","8":"product_shipping_class-tunga-paket","9":"pa_brands-durable","10":"pa_farg-transparent","11":"tm-no-options","13":"first","14":"instock","15":"sale","16":"taxable","17":"shipping-taxable","18":"purchasable","19":"product-type-simple"},"acf":[],"_links":{"self":[{"href":"https:\/\/secureus.se\/es\/wp-json\/wp\/v2\/product\/115206","targetHints":{"allow":["GET"]}}],"collection":[{"href":"https:\/\/secureus.se\/es\/wp-json\/wp\/v2\/product"}],"about":[{"href":"https:\/\/secureus.se\/es\/wp-json\/wp\/v2\/types\/product"}],"wp:featuredmedia":[{"embeddable":true,"href":"https:\/\/secureus.se\/es\/wp-json\/wp\/v2\/media\/133187"}],"wp:attachment":[{"href":"https:\/\/secureus.se\/es\/wp-json\/wp\/v2\/media?parent=115206"}],"wp:term":[{"taxonomy":"product_brand","embeddable":true,"href":"https:\/\/secureus.se\/es\/wp-json\/wp\/v2\/product_brand?post=115206"},{"taxonomy":"product_cat","embeddable":true,"href":"https:\/\/secureus.se\/es\/wp-json\/wp\/v2\/product_cat?post=115206"},{"taxonomy":"product_tag","embeddable":true,"href":"https:\/\/secureus.se\/es\/wp-json\/wp\/v2\/product_tag?post=115206"}],"curies":[{"name":"wp","href":"https:\/\/api.w.org\/{rel}","templated":true}]}}