{"id":115207,"date":"2024-11-20T14:12:52","date_gmt":"2024-11-20T13:12:52","guid":{"rendered":"https:\/\/secureus.se\/?post_type=product&#038;p=115207"},"modified":"2026-01-12T12:48:47","modified_gmt":"2026-01-12T11:48:47","slug":"namnskylt-60x90-halsband-4","status":"publish","type":"product","link":"https:\/\/secureus.se\/es\/namnskylt-60x90-halsband-4\/","title":{"rendered":"Placa de identificaci\u00f3n 60\u00d790, collar"},"content":{"rendered":"<p>Participantes en congresos, visitantes de empresas, colaboradores en ferias, en tiendas, profesionales del sector servicios, vendedores\u2026 la lista puede ser muy larga cuando se necesitan credenciales con nombres en distintos tama\u00f1os, dise\u00f1os y posibilidades de fijaci\u00f3n. Esta placa en formato horizontal de 60 x 90 mm se entrega completa con un cord\u00f3n textil de 1 cm de ancho y 88 cm de largo con cierre de seguridad. El frente recortado facilita el reemplazo de la tarjeta si es necesario hacerlo con relativa frecuencia. Se incluyen etiquetas blancas en una tira. Las etiquetas en hojas A4 para imprimir en la impresora se pueden pedir por separado. Utilice el programa gratuito DURAPRINT\u00ae disponible en www.duraprint.se para crear e imprimir elegantes etiquetas de nombres.<br \/>\nAccesorios:<br \/>\nEtiquetas Badgemaker\u00ae en hojas A4 para imprimir en impresoras, n.\u00ba de art\u00edculo 145602 <\/p>","protected":false},"excerpt":{"rendered":"<p>Placa colgante en formato apaisado de 60x90mm con estrecho collar textil. Parte frontal recortada para facilitar el reemplazo de la tarjeta. 10 piezas\/paquete.<\/p>","protected":false},"featured_media":134624,"template":"","meta":{"_acf_changed":false},"product_brand":[],"product_cat":[4283],"product_tag":[4393],"class_list":{"0":"post-115207","1":"product","2":"type-product","3":"status-publish","4":"has-post-thumbnail","6":"product_cat-namnskyltar-med-nyckelband","7":"product_tag-gra","8":"product_shipping_class-tunga-paket","9":"pa_brands-durable","10":"pa_farg-gra","11":"tm-no-options","13":"first","14":"instock","15":"sale","16":"taxable","17":"shipping-taxable","18":"purchasable","19":"product-type-simple"},"acf":[],"_links":{"self":[{"href":"https:\/\/secureus.se\/es\/wp-json\/wp\/v2\/product\/115207","targetHints":{"allow":["GET"]}}],"collection":[{"href":"https:\/\/secureus.se\/es\/wp-json\/wp\/v2\/product"}],"about":[{"href":"https:\/\/secureus.se\/es\/wp-json\/wp\/v2\/types\/product"}],"wp:featuredmedia":[{"embeddable":true,"href":"https:\/\/secureus.se\/es\/wp-json\/wp\/v2\/media\/134624"}],"wp:attachment":[{"href":"https:\/\/secureus.se\/es\/wp-json\/wp\/v2\/media?parent=115207"}],"wp:term":[{"taxonomy":"product_brand","embeddable":true,"href":"https:\/\/secureus.se\/es\/wp-json\/wp\/v2\/product_brand?post=115207"},{"taxonomy":"product_cat","embeddable":true,"href":"https:\/\/secureus.se\/es\/wp-json\/wp\/v2\/product_cat?post=115207"},{"taxonomy":"product_tag","embeddable":true,"href":"https:\/\/secureus.se\/es\/wp-json\/wp\/v2\/product_tag?post=115207"}],"curies":[{"name":"wp","href":"https:\/\/api.w.org\/{rel}","templated":true}]}}