{"id":115257,"date":"2024-11-20T14:04:21","date_gmt":"2024-11-20T13:04:21","guid":{"rendered":"https:\/\/secureus.se\/?post_type=product&#038;p=115257"},"modified":"2026-01-12T12:10:32","modified_gmt":"2026-01-12T11:10:32","slug":"forsta-hjalpen-skap-first-aid-box-m-med-innehall-enl-din-131642022","status":"publish","type":"product","link":"https:\/\/secureus.se\/es\/forsta-hjalpen-skap-first-aid-box-m-med-innehall-enl-din-131642022\/","title":{"rendered":"Botiqu\u00edn de primeros auxilios FIRST AID BOX M con contenido seg\u00fan DIN 13164:2022"},"content":{"rendered":"<p>Re\u00fana los suministros de primeros auxilios, pastillas para el dolor de cabeza y similares en un solo lugar, para que sean f\u00e1cilmente accesibles cuando los necesite. Botiqu\u00edn de primeros auxilios dise\u00f1ado y fabricado en aluminio con 2 compartimentos giratorios que se pueden llenar con el contenido seg\u00fan sea necesario. Se incluyen tornillos y tacos para montaje en pared y una se\u00f1al autoadhesiva de primeros auxilios. La cerradura de cilindro que incluye 2 llaves permite cerrar con llave el armario. Se suministra con el BOTIQU\u00cdN DE PRIMEROS AUXILIOS M: una gama completa de art\u00edculos de primeros auxilios, como tiritas, compresas, vendas, cintas, guantes de pl\u00e1stico, manta de rescate (que protege contra la hipotermia) seg\u00fan DIN 13164 para uso privado. Dimensiones: 28x30x12cm AltoxAnchoxProfundidad. <\/p>","protected":false},"excerpt":{"rendered":"<p>Botiqu\u00edn de primeros auxilios en aluminio con dos compartimentos que incluye set de 36 art\u00edculos de primeros auxilios.<\/p>","protected":false},"featured_media":133902,"template":"","meta":{"_acf_changed":false},"product_brand":[],"product_cat":[1573],"product_tag":[4382],"class_list":{"0":"post-115257","1":"product","2":"type-product","3":"status-publish","4":"has-post-thumbnail","6":"product_cat-forsta-hjalpen","7":"product_tag-silver","8":"product_shipping_class-tunga-paket","9":"pa_brands-durable","10":"pa_farg-silver","11":"tm-no-options","13":"first","14":"instock","15":"sale","16":"taxable","17":"shipping-taxable","18":"purchasable","19":"product-type-simple"},"acf":[],"_links":{"self":[{"href":"https:\/\/secureus.se\/es\/wp-json\/wp\/v2\/product\/115257","targetHints":{"allow":["GET"]}}],"collection":[{"href":"https:\/\/secureus.se\/es\/wp-json\/wp\/v2\/product"}],"about":[{"href":"https:\/\/secureus.se\/es\/wp-json\/wp\/v2\/types\/product"}],"wp:featuredmedia":[{"embeddable":true,"href":"https:\/\/secureus.se\/es\/wp-json\/wp\/v2\/media\/133902"}],"wp:attachment":[{"href":"https:\/\/secureus.se\/es\/wp-json\/wp\/v2\/media?parent=115257"}],"wp:term":[{"taxonomy":"product_brand","embeddable":true,"href":"https:\/\/secureus.se\/es\/wp-json\/wp\/v2\/product_brand?post=115257"},{"taxonomy":"product_cat","embeddable":true,"href":"https:\/\/secureus.se\/es\/wp-json\/wp\/v2\/product_cat?post=115257"},{"taxonomy":"product_tag","embeddable":true,"href":"https:\/\/secureus.se\/es\/wp-json\/wp\/v2\/product_tag?post=115257"}],"curies":[{"name":"wp","href":"https:\/\/api.w.org\/{rel}","templated":true}]}}