{"id":115313,"date":"2024-12-07T15:21:13","date_gmt":"2024-12-07T14:21:13","guid":{"rendered":"https:\/\/secureus.se\/?post_type=product&#038;p=115313"},"modified":"2026-01-12T12:09:08","modified_gmt":"2026-01-12T11:09:08","slug":"nyckelskap-key-box-code-36-med-kombinationslas","status":"publish","type":"product","link":"https:\/\/secureus.se\/es\/nyckelskap-key-box-code-36-med-kombinationslas\/","title":{"rendered":"Armario para llaves KEY BOX CODE 36 con cerradura de combinaci\u00f3n"},"content":{"rendered":"<p>Con un armario para llaves, hay un lugar natural para recoger y guardar las llaves, lo que crea un mejor orden y seguridad. La serie de dise\u00f1o KEY BOX de Durable con varios gabinetes para llaves est\u00e1 hecha de aluminio con una lista clara de contenidos en el interior de la puerta. Las etiquetas para llaves est\u00e1n especialmente dise\u00f1adas para colgarse entre dos ganchos en la tira de llaves, lo que significa que la marca es claramente visible y la llave cuelga detr\u00e1s de la etiqueta para llaves. Se incluye un juego de 6 arandelas de llave en color rojo, amarillo, azul y negro, as\u00ed como tornillos y tacos para su montaje. Se pueden descargar plantillas para imprimir etiquetas para las etiquetas de llaves y listas de llaves desde https:\/\/www.durable.se\/service\/ladda-ner\/mallar.html. Este armario de llaves tiene una cerradura de c\u00f3digo con capacidad de elegir hasta 1000 combinaciones de c\u00f3digos y espacio para 36 llaves. El teclado frontal se puede complementar con m\u00e1s tiras de teclas en la parte posterior para acomodar m\u00e1s teclas. Dimensiones: 28x30x12cm AltoxAnchoxProfundidad<br \/>\nAccesorios: Etiquetas para llaves adicionales KEY CLIP art\u00edculo n\u00famero 1957 en diferentes colores. <\/p>","protected":false},"excerpt":{"rendered":"<p>Armario de llaves de aluminio para almacenar 36 llaves. Con c\u00f3digo de bloqueo.<\/p>","protected":false},"featured_media":135357,"template":"","meta":{"_acf_changed":false},"product_brand":[],"product_cat":[1932],"product_tag":[4382],"class_list":{"0":"post-115313","1":"product","2":"type-product","3":"status-publish","4":"has-post-thumbnail","6":"product_cat-nyckelgomma-nyckelbox","7":"product_tag-silver","8":"product_shipping_class-tunga-paket","9":"pa_brands-durable","10":"pa_farg-silver","11":"tm-no-options","13":"first","14":"instock","15":"sale","16":"taxable","17":"shipping-taxable","18":"purchasable","19":"product-type-simple"},"acf":[],"_links":{"self":[{"href":"https:\/\/secureus.se\/es\/wp-json\/wp\/v2\/product\/115313","targetHints":{"allow":["GET"]}}],"collection":[{"href":"https:\/\/secureus.se\/es\/wp-json\/wp\/v2\/product"}],"about":[{"href":"https:\/\/secureus.se\/es\/wp-json\/wp\/v2\/types\/product"}],"wp:featuredmedia":[{"embeddable":true,"href":"https:\/\/secureus.se\/es\/wp-json\/wp\/v2\/media\/135357"}],"wp:attachment":[{"href":"https:\/\/secureus.se\/es\/wp-json\/wp\/v2\/media?parent=115313"}],"wp:term":[{"taxonomy":"product_brand","embeddable":true,"href":"https:\/\/secureus.se\/es\/wp-json\/wp\/v2\/product_brand?post=115313"},{"taxonomy":"product_cat","embeddable":true,"href":"https:\/\/secureus.se\/es\/wp-json\/wp\/v2\/product_cat?post=115313"},{"taxonomy":"product_tag","embeddable":true,"href":"https:\/\/secureus.se\/es\/wp-json\/wp\/v2\/product_tag?post=115313"}],"curies":[{"name":"wp","href":"https:\/\/api.w.org\/{rel}","templated":true}]}}