{"id":115351,"date":"2024-11-20T14:03:41","date_gmt":"2024-11-20T13:03:41","guid":{"rendered":"https:\/\/secureus.se\/?post_type=product&#038;p=115351"},"modified":"2025-09-15T12:39:59","modified_gmt":"2025-09-15T10:39:59","slug":"klamlist-magnetisk-durafix-rail-297-mm-2","status":"publish","type":"product","link":"https:\/\/secureus.se\/es\/klamlist-magnetisk-durafix-rail-297-mm-2\/","title":{"rendered":"Tira de sujeci\u00f3n magn\u00e9tica DURAFIX\u00ae RAIL 297 mm"},"content":{"rendered":"<p>Configure notas, recordatorios y m\u00e1s de forma r\u00e1pida y sencilla con DURAFIX\u00ae. F\u00e1cil de usar: coloque la tira magn\u00e9tica autoadhesiva, abra, coloque una nota y cierre. La tira se instala en superficies lisas como armarios, puertas de vidrio, escaparates, pizarras o expositores de ferias comerciales y no deja rastros cuando se retira de las superficies lisas. Utilice una o dos listas para configurar la informaci\u00f3n. Se ve muy bien desde ambos lados de un panel de vidrio. Dimensiones: 297\u00d717 mm (Ancho x Alto) adecuado para formatos A4 horizontal y A3 vertical. Bolsa con 5 carriles de sujeci\u00f3n DURAFIX\u00aeRAIL.<\/p>","protected":false},"excerpt":{"rendered":"<p>Riel magn\u00e9tico autoadhesivo con clip para documentos y notas. Para formato A4 horizontal o A3 vertical.<\/p>","protected":false},"featured_media":133818,"template":"","meta":{"_acf_changed":false},"product_brand":[],"product_cat":[4269],"product_tag":[4387],"class_list":{"0":"post-115351","1":"product","2":"type-product","3":"status-publish","4":"has-post-thumbnail","6":"product_cat-magnetisk-fastsattning","7":"product_tag-bla","8":"pa_brands-durable","9":"pa_farg-bla","10":"tm-no-options","12":"first","13":"instock","14":"sale","15":"taxable","16":"shipping-taxable","17":"purchasable","18":"product-type-simple"},"acf":[],"_links":{"self":[{"href":"https:\/\/secureus.se\/es\/wp-json\/wp\/v2\/product\/115351","targetHints":{"allow":["GET"]}}],"collection":[{"href":"https:\/\/secureus.se\/es\/wp-json\/wp\/v2\/product"}],"about":[{"href":"https:\/\/secureus.se\/es\/wp-json\/wp\/v2\/types\/product"}],"wp:featuredmedia":[{"embeddable":true,"href":"https:\/\/secureus.se\/es\/wp-json\/wp\/v2\/media\/133818"}],"wp:attachment":[{"href":"https:\/\/secureus.se\/es\/wp-json\/wp\/v2\/media?parent=115351"}],"wp:term":[{"taxonomy":"product_brand","embeddable":true,"href":"https:\/\/secureus.se\/es\/wp-json\/wp\/v2\/product_brand?post=115351"},{"taxonomy":"product_cat","embeddable":true,"href":"https:\/\/secureus.se\/es\/wp-json\/wp\/v2\/product_cat?post=115351"},{"taxonomy":"product_tag","embeddable":true,"href":"https:\/\/secureus.se\/es\/wp-json\/wp\/v2\/product_tag?post=115351"}],"curies":[{"name":"wp","href":"https:\/\/api.w.org\/{rel}","templated":true}]}}