{"id":115373,"date":"2024-11-20T14:10:22","date_gmt":"2024-11-20T13:10:22","guid":{"rendered":"https:\/\/secureus.se\/?post_type=product&#038;p=115373"},"modified":"2026-01-12T12:03:05","modified_gmt":"2026-01-12T11:03:05","slug":"golvmarkering-t-form","status":"publish","type":"product","link":"https:\/\/secureus.se\/es\/golvmarkering-t-form\/","title":{"rendered":"Marcado de suelo en forma de T"},"content":{"rendered":"<p>S\u00edmbolo autoadhesivo de marcaci\u00f3n de suelo en forma de \u201cT\u201d para marcar la ubicaci\u00f3n de palets en interiores. Se adhiere a pisos de concreto limpios y secos. Resistente y duradero con clasificaci\u00f3n antideslizante R9 seg\u00fan DIN 51130.<br \/>\nDimensiones (An. x Al. x Pr.): 100 mm x 0,7 mm x 150 mm<\/p>","protected":false},"excerpt":{"rendered":"<p>Marcaci\u00f3n de suelo autoadhesiva en forma de \u201cT\u201d para marcar la ubicaci\u00f3n de los palets.<\/p>","protected":false},"featured_media":133649,"template":"","meta":{"_acf_changed":false},"product_brand":[],"product_cat":[4302],"product_tag":[4395],"class_list":{"0":"post-115373","1":"product","2":"type-product","3":"status-publish","4":"has-post-thumbnail","6":"product_cat-markeringar-av-uppstallningsplatser","7":"product_tag-gul","8":"product_shipping_class-tunga-paket","9":"pa_brands-durable","10":"pa_farg-gul","11":"tm-no-options","13":"first","14":"instock","15":"sale","16":"taxable","17":"shipping-taxable","18":"purchasable","19":"product-type-simple"},"acf":[],"_links":{"self":[{"href":"https:\/\/secureus.se\/es\/wp-json\/wp\/v2\/product\/115373","targetHints":{"allow":["GET"]}}],"collection":[{"href":"https:\/\/secureus.se\/es\/wp-json\/wp\/v2\/product"}],"about":[{"href":"https:\/\/secureus.se\/es\/wp-json\/wp\/v2\/types\/product"}],"wp:featuredmedia":[{"embeddable":true,"href":"https:\/\/secureus.se\/es\/wp-json\/wp\/v2\/media\/133649"}],"wp:attachment":[{"href":"https:\/\/secureus.se\/es\/wp-json\/wp\/v2\/media?parent=115373"}],"wp:term":[{"taxonomy":"product_brand","embeddable":true,"href":"https:\/\/secureus.se\/es\/wp-json\/wp\/v2\/product_brand?post=115373"},{"taxonomy":"product_cat","embeddable":true,"href":"https:\/\/secureus.se\/es\/wp-json\/wp\/v2\/product_cat?post=115373"},{"taxonomy":"product_tag","embeddable":true,"href":"https:\/\/secureus.se\/es\/wp-json\/wp\/v2\/product_tag?post=115373"}],"curies":[{"name":"wp","href":"https:\/\/api.w.org\/{rel}","templated":true}]}}