{"id":115376,"date":"2024-11-20T14:16:23","date_gmt":"2024-11-20T13:16:23","guid":{"rendered":"https:\/\/secureus.se\/?post_type=product&#038;p=115376"},"modified":"2026-01-12T12:05:58","modified_gmt":"2026-01-12T11:05:58","slug":"plastficka-a5l-med-tradbygel-2","status":"publish","type":"product","link":"https:\/\/secureus.se\/es\/plastficka-a5l-med-tradbygel-2\/","title":{"rendered":"Bolsillo de pl\u00e1stico A5L con percha de alambre"},"content":{"rendered":"<p>El etiquetado claro y conciso de contenedores, collares de paletas, cajas de paletas y paredes de malla mejora y agiliza el proceso de trabajo en almacenes e instalaciones de producci\u00f3n. Las bolsas de pl\u00e1stico hechas de polipropileno duradero se pueden leer con un esc\u00e1ner. Una tapa protege el inserto de la suciedad y la humedad incluso en exteriores. Se fija con un clip de alambre flexible y galvanizado. Una plantilla gratuita para la etiqueta est\u00e1 disponible en www.duraprint.se.<br \/>\nDimensiones interiores: A5L (210 \u00d7 148 mm de ancho x alto)<br \/>\nDimensiones externas: 223\u00d7218 mm (ancho x alto)<br \/>\nDimensiones externas con alambre de acero: 329\u00d7226 mm (An x Al)<br \/>\nAccesorios: Etiquetas en hojas A4, art. No. 485502<\/p>","protected":false},"excerpt":{"rendered":"<p>Bolsillo de pl\u00e1stico con presilla de alambre para usar, por ejemplo, en rejillas de malla, collares para paletas, cajas para paletas. Con tapa protectora sobre la apertura.<\/p>","protected":false},"featured_media":133851,"template":"","meta":{"_acf_changed":false},"product_brand":[],"product_cat":[4306],"product_tag":[4387],"class_list":{"0":"post-115376","1":"product","2":"type-product","3":"status-publish","4":"has-post-thumbnail","6":"product_cat-markning-pallstall","7":"product_tag-bla","8":"product_shipping_class-tunga-paket","9":"pa_brands-durable","10":"pa_farg-bla","11":"tm-no-options","13":"first","14":"instock","15":"sale","16":"taxable","17":"shipping-taxable","18":"purchasable","19":"product-type-simple"},"acf":[],"_links":{"self":[{"href":"https:\/\/secureus.se\/es\/wp-json\/wp\/v2\/product\/115376","targetHints":{"allow":["GET"]}}],"collection":[{"href":"https:\/\/secureus.se\/es\/wp-json\/wp\/v2\/product"}],"about":[{"href":"https:\/\/secureus.se\/es\/wp-json\/wp\/v2\/types\/product"}],"wp:featuredmedia":[{"embeddable":true,"href":"https:\/\/secureus.se\/es\/wp-json\/wp\/v2\/media\/133851"}],"wp:attachment":[{"href":"https:\/\/secureus.se\/es\/wp-json\/wp\/v2\/media?parent=115376"}],"wp:term":[{"taxonomy":"product_brand","embeddable":true,"href":"https:\/\/secureus.se\/es\/wp-json\/wp\/v2\/product_brand?post=115376"},{"taxonomy":"product_cat","embeddable":true,"href":"https:\/\/secureus.se\/es\/wp-json\/wp\/v2\/product_cat?post=115376"},{"taxonomy":"product_tag","embeddable":true,"href":"https:\/\/secureus.se\/es\/wp-json\/wp\/v2\/product_tag?post=115376"}],"curies":[{"name":"wp","href":"https:\/\/api.w.org\/{rel}","templated":true}]}}