{"id":115400,"date":"2024-11-20T14:10:23","date_gmt":"2024-11-20T13:10:23","guid":{"rendered":"https:\/\/secureus.se\/?post_type=product&#038;p=115400"},"modified":"2026-01-12T11:59:55","modified_gmt":"2026-01-12T10:59:55","slug":"golvmarkeringstejp-duraline-50-05-2","status":"publish","type":"product","link":"https:\/\/secureus.se\/es\/golvmarkeringstejp-duraline-50-05-2\/","title":{"rendered":"Cinta de se\u00f1alizaci\u00f3n de suelo DURALINE\u00ae 50\/05"},"content":{"rendered":"<p>Cinta de se\u00f1alizaci\u00f3n autoadhesiva para uso interior. Se utiliza para la se\u00f1alizaci\u00f3n permanente de \u00e1reas que necesitan atenci\u00f3n, como zonas de tr\u00e1fico y \u00e1reas restringidas. Se adhiere a pisos de concreto limpios y secos. Resistente y duradero con clasificaci\u00f3n antideslizante R9 seg\u00fan DIN51130.<br \/>\nDimensiones (An x L): rollo de 30 m, 50 mm de ancho, espesor 0,5 mm<\/p>","protected":false},"excerpt":{"rendered":"<p>Cinta autoadhesiva de se\u00f1alizaci\u00f3n de suelo de color s\u00f3lido para crear orden y seguridad en almacenes e industria. 0,5 mm de espesor.<\/p>","protected":false},"featured_media":133822,"template":"","meta":{"_acf_changed":false},"product_brand":[],"product_cat":[4303],"product_tag":[4398],"class_list":{"0":"post-115400","1":"product","2":"type-product","3":"status-publish","4":"has-post-thumbnail","6":"product_cat-golvtejp","7":"product_tag-gron","8":"product_shipping_class-tunga-paket","9":"pa_brands-durable","10":"pa_farg-gron","11":"tm-no-options","13":"first","14":"instock","15":"sale","16":"taxable","17":"shipping-taxable","18":"purchasable","19":"product-type-simple"},"acf":[],"_links":{"self":[{"href":"https:\/\/secureus.se\/es\/wp-json\/wp\/v2\/product\/115400","targetHints":{"allow":["GET"]}}],"collection":[{"href":"https:\/\/secureus.se\/es\/wp-json\/wp\/v2\/product"}],"about":[{"href":"https:\/\/secureus.se\/es\/wp-json\/wp\/v2\/types\/product"}],"wp:featuredmedia":[{"embeddable":true,"href":"https:\/\/secureus.se\/es\/wp-json\/wp\/v2\/media\/133822"}],"wp:attachment":[{"href":"https:\/\/secureus.se\/es\/wp-json\/wp\/v2\/media?parent=115400"}],"wp:term":[{"taxonomy":"product_brand","embeddable":true,"href":"https:\/\/secureus.se\/es\/wp-json\/wp\/v2\/product_brand?post=115400"},{"taxonomy":"product_cat","embeddable":true,"href":"https:\/\/secureus.se\/es\/wp-json\/wp\/v2\/product_cat?post=115400"},{"taxonomy":"product_tag","embeddable":true,"href":"https:\/\/secureus.se\/es\/wp-json\/wp\/v2\/product_tag?post=115400"}],"curies":[{"name":"wp","href":"https:\/\/api.w.org\/{rel}","templated":true}]}}