{"id":115412,"date":"2024-11-20T14:10:39","date_gmt":"2024-11-20T13:10:39","guid":{"rendered":"https:\/\/secureus.se\/?post_type=product&#038;p=115412"},"modified":"2026-01-12T12:56:35","modified_gmt":"2026-01-12T11:56:35","slug":"golvmarkeringstejp-duraline-50-05-borttagbar","status":"publish","type":"product","link":"https:\/\/secureus.se\/es\/golvmarkeringstejp-duraline-50-05-borttagbar\/","title":{"rendered":"Cinta de se\u00f1alizaci\u00f3n de suelo DURALINE\u00ae 50\/05 extra\u00edble"},"content":{"rendered":"<p>Cinta de se\u00f1alizaci\u00f3n autoadhesiva, removible y con dise\u00f1o de rayas para uso en interiores. Se utiliza para la se\u00f1alizaci\u00f3n temporal de zonas restringidas y l\u00edmites en tiendas, gimnasios, hoteles y restaurantes. Se adhiere a pisos de concreto limpios y secos. Nivel de resistencia al deslizamiento R9 seg\u00fan DIN51130.<br \/>\nDimensiones (An x L): rollo de 15 m, 50 mm de ancho, espesor 0,5 mm<\/p>","protected":false},"excerpt":{"rendered":"<p>Cinta de se\u00f1alizaci\u00f3n de suelo, autoadhesiva, removible y con rayas en colores de alta visibilidad. Aumenta la seguridad mediante una se\u00f1alizaci\u00f3n clara.<\/p>","protected":false},"featured_media":133839,"template":"","meta":{"_acf_changed":false},"product_brand":[],"product_cat":[4303],"product_tag":[4386],"class_list":{"0":"post-115412","1":"product","2":"type-product","3":"status-publish","4":"has-post-thumbnail","6":"product_cat-golvtejp","7":"product_tag-gul-svart","8":"product_shipping_class-tunga-paket","9":"pa_brands-durable","10":"pa_farg-gul-svart","11":"tm-no-options","13":"first","14":"instock","15":"sale","16":"taxable","17":"shipping-taxable","18":"purchasable","19":"product-type-simple"},"acf":[],"_links":{"self":[{"href":"https:\/\/secureus.se\/es\/wp-json\/wp\/v2\/product\/115412","targetHints":{"allow":["GET"]}}],"collection":[{"href":"https:\/\/secureus.se\/es\/wp-json\/wp\/v2\/product"}],"about":[{"href":"https:\/\/secureus.se\/es\/wp-json\/wp\/v2\/types\/product"}],"wp:featuredmedia":[{"embeddable":true,"href":"https:\/\/secureus.se\/es\/wp-json\/wp\/v2\/media\/133839"}],"wp:attachment":[{"href":"https:\/\/secureus.se\/es\/wp-json\/wp\/v2\/media?parent=115412"}],"wp:term":[{"taxonomy":"product_brand","embeddable":true,"href":"https:\/\/secureus.se\/es\/wp-json\/wp\/v2\/product_brand?post=115412"},{"taxonomy":"product_cat","embeddable":true,"href":"https:\/\/secureus.se\/es\/wp-json\/wp\/v2\/product_cat?post=115412"},{"taxonomy":"product_tag","embeddable":true,"href":"https:\/\/secureus.se\/es\/wp-json\/wp\/v2\/product_tag?post=115412"}],"curies":[{"name":"wp","href":"https:\/\/api.w.org\/{rel}","templated":true}]}}