{"id":115429,"date":"2024-11-20T14:10:40","date_gmt":"2024-11-20T13:10:40","guid":{"rendered":"https:\/\/secureus.se\/?post_type=product&#038;p=115429"},"modified":"2025-09-15T12:41:47","modified_gmt":"2025-09-15T10:41:47","slug":"golvmarkeringstejp-duraline50-12-2","status":"publish","type":"product","link":"https:\/\/secureus.se\/es\/golvmarkeringstejp-duraline50-12-2\/","title":{"rendered":"Cinta de se\u00f1alizaci\u00f3n de suelo DURALINE\u00ae50\/12"},"content":{"rendered":"<p>Cinta de se\u00f1alizaci\u00f3n autoadhesiva extra fuerte para uso en interiores. Se utiliza para la se\u00f1alizaci\u00f3n permanente de \u00e1reas que necesitan atenci\u00f3n, como zonas de tr\u00e1fico y \u00e1reas restringidas. Se adhiere a pisos de concreto limpios y secos. Resistente y duradero con clasificaci\u00f3n antideslizante R10 seg\u00fan DIN51130. Bordes biselados.<br \/>\nDimensiones (An x L): rollo de 30 m, 50 mm de ancho, espesor 1,2 mm<\/p>","protected":false},"excerpt":{"rendered":"<p>Cinta autoadhesiva de se\u00f1alizaci\u00f3n de suelo de color s\u00f3lido para crear orden y seguridad en almacenes e industria. 1,2 mm de espesor<\/p>","protected":false},"featured_media":133826,"template":"","meta":{"_acf_changed":false},"product_brand":[],"product_cat":[4303],"product_tag":[4396],"class_list":{"0":"post-115429","1":"product","2":"type-product","3":"status-publish","4":"has-post-thumbnail","6":"product_cat-golvtejp","7":"product_tag-vit","8":"pa_brands-durable","9":"pa_farg-vit","10":"tm-no-options","12":"first","13":"instock","14":"sale","15":"taxable","16":"shipping-taxable","17":"purchasable","18":"product-type-simple"},"acf":[],"_links":{"self":[{"href":"https:\/\/secureus.se\/es\/wp-json\/wp\/v2\/product\/115429","targetHints":{"allow":["GET"]}}],"collection":[{"href":"https:\/\/secureus.se\/es\/wp-json\/wp\/v2\/product"}],"about":[{"href":"https:\/\/secureus.se\/es\/wp-json\/wp\/v2\/types\/product"}],"wp:featuredmedia":[{"embeddable":true,"href":"https:\/\/secureus.se\/es\/wp-json\/wp\/v2\/media\/133826"}],"wp:attachment":[{"href":"https:\/\/secureus.se\/es\/wp-json\/wp\/v2\/media?parent=115429"}],"wp:term":[{"taxonomy":"product_brand","embeddable":true,"href":"https:\/\/secureus.se\/es\/wp-json\/wp\/v2\/product_brand?post=115429"},{"taxonomy":"product_cat","embeddable":true,"href":"https:\/\/secureus.se\/es\/wp-json\/wp\/v2\/product_cat?post=115429"},{"taxonomy":"product_tag","embeddable":true,"href":"https:\/\/secureus.se\/es\/wp-json\/wp\/v2\/product_tag?post=115429"}],"curies":[{"name":"wp","href":"https:\/\/api.w.org\/{rel}","templated":true}]}}