{"id":115434,"date":"2024-12-07T15:21:15","date_gmt":"2024-12-07T14:21:15","guid":{"rendered":"https:\/\/secureus.se\/?post_type=product&#038;p=115434"},"modified":"2026-01-12T12:53:02","modified_gmt":"2026-01-12T11:53:02","slug":"plastkortskrivare-duracard-id-300","status":"publish","type":"product","link":"https:\/\/secureus.se\/es\/plastkortskrivare-duracard-id-300\/","title":{"rendered":"Impresora de tarjetas de pl\u00e1stico DURACARD ID 300"},"content":{"rendered":"<p>Impresora de tarjetas de pl\u00e1stico incl. Cinta de color YMCKO para impresi\u00f3n en color con calidad fotogr\u00e1fica y 100 tarjetas pl\u00e1sticas del tama\u00f1o de una tarjeta de cr\u00e9dito. La impresi\u00f3n en las tarjetas es permeable, resistente al agua y se puede imprimir en varios colores o en negro monocrom\u00e1tico. Tanto la bandeja de la impresora como la bandeja de salida pueden contener 25 tarjetas gruesas (0,75 mm) o 40 tarjetas finas (0,5 mm). Crea tu propio dise\u00f1o en la tarjeta utilizando el programa gratuito DURAPRINT\u00ae, disponible en www.duraprint.se. Las tarjetas son perfectas para combinar con la gama de tarjeteros y accesorios de Durable. Velocidad de impresi\u00f3n color 38 seg\/tarjeta = 95 tarjetas\/hora, negro 11 seg\/tarjeta = 325 tarjetas\/hora. 16 MB de memoria (RAM), USB 2.0 (compatible con USB 1.1 y 3.0). Requisitos del sistema para usar con PC: Windows XP SP3, VISTA, 7 y 8 o superior. MAC: MAC OS X 10.6 o superior, procesador Intel. Para PC y MAC: 512 MB de RAM, resoluci\u00f3n de 1024\u00d7768 p\u00edxeles, 1 puerto USB.<\/p>","protected":false},"excerpt":{"rendered":"<p>Impresora de tarjetas pl\u00e1sticas que incluye cinta YMCKO para impresi\u00f3n a color y 100 tarjetas pl\u00e1sticas.<\/p>","protected":false},"featured_media":135556,"template":"","meta":{"_acf_changed":false},"product_brand":[],"product_cat":[4344,4347],"product_tag":[],"class_list":{"0":"post-115434","1":"product","2":"type-product","3":"status-publish","4":"has-post-thumbnail","6":"product_cat-duracard","7":"product_cat-kortskrivare-tillbehor-duracard","8":"product_shipping_class-tunga-paket","9":"pa_brands-durable","10":"tm-no-options","12":"first","13":"instock","14":"sale","15":"taxable","16":"shipping-taxable","17":"purchasable","18":"product-type-simple"},"acf":[],"_links":{"self":[{"href":"https:\/\/secureus.se\/es\/wp-json\/wp\/v2\/product\/115434","targetHints":{"allow":["GET"]}}],"collection":[{"href":"https:\/\/secureus.se\/es\/wp-json\/wp\/v2\/product"}],"about":[{"href":"https:\/\/secureus.se\/es\/wp-json\/wp\/v2\/types\/product"}],"wp:featuredmedia":[{"embeddable":true,"href":"https:\/\/secureus.se\/es\/wp-json\/wp\/v2\/media\/135556"}],"wp:attachment":[{"href":"https:\/\/secureus.se\/es\/wp-json\/wp\/v2\/media?parent=115434"}],"wp:term":[{"taxonomy":"product_brand","embeddable":true,"href":"https:\/\/secureus.se\/es\/wp-json\/wp\/v2\/product_brand?post=115434"},{"taxonomy":"product_cat","embeddable":true,"href":"https:\/\/secureus.se\/es\/wp-json\/wp\/v2\/product_cat?post=115434"},{"taxonomy":"product_tag","embeddable":true,"href":"https:\/\/secureus.se\/es\/wp-json\/wp\/v2\/product_tag?post=115434"}],"curies":[{"name":"wp","href":"https:\/\/api.w.org\/{rel}","templated":true}]}}