{"id":115450,"date":"2024-11-20T14:14:56","date_gmt":"2024-11-20T13:14:56","guid":{"rendered":"https:\/\/secureus.se\/?post_type=product&#038;p=115450"},"modified":"2026-01-12T12:04:07","modified_gmt":"2026-01-12T11:04:07","slug":"pallficka-a5l-vikbar-kant","status":"publish","type":"product","link":"https:\/\/secureus.se\/es\/pallficka-a5l-vikbar-kant\/","title":{"rendered":"Bolsillo para pal\u00e9 A5L con borde plegable"},"content":{"rendered":"<p>El etiquetado claro y conciso de collares de paletas, paletas y cajas de cart\u00f3n mejora y agiliza el proceso de trabajo en almacenes e instalaciones de producci\u00f3n. Estas bolsas de pl\u00e1stico hechas de polipropileno duradero se pueden leer con un esc\u00e1ner y protegen los insertos reemplazables de la suciedad y el desgaste. Los bolsillos se entregan planos y est\u00e1n preparados para ser plegados para dos funciones diferentes. D\u00f3blalo una vez y se convierte en un bolsillo con un \u00e1ngulo de 90\u00b0 que se puede insertar entre cajas apiladas. No es necesario pegar nada al cart\u00f3n y el bolsillo se mantiene en su lugar gracias al peso del cart\u00f3n que est\u00e1 encima. D\u00f3blalo dos veces y se convierte en una especie de bolsillo plegado para colgarlo, por ejemplo, sobre bordes de cuello de paleta que miden un m\u00e1ximo de 22 mm. Una plantilla gratuita para la etiqueta est\u00e1 disponible en www.duraprint.se.<br \/>\nDimensiones interiores: A5L (210 x 148 mm de ancho x alto)<br \/>\nDimensiones externas: 230 x 259 mm An x Al<br \/>\nAccesorios: Etiquetas en hojas A4, art. No. 485502<\/p>","protected":false},"excerpt":{"rendered":"<p>Bolsillo para palets para marcar collares de palets y cajas. Elija entre insertar el bolsillo entre cajas apiladas o colgarlo sobre el borde del pal\u00e9.<\/p>","protected":false},"featured_media":133679,"template":"","meta":{"_acf_changed":false},"product_brand":[],"product_cat":[4306],"product_tag":[4387],"class_list":{"0":"post-115450","1":"product","2":"type-product","3":"status-publish","4":"has-post-thumbnail","6":"product_cat-markning-pallstall","7":"product_tag-bla","8":"product_shipping_class-tunga-paket","9":"pa_brands-durable","10":"pa_farg-bla","11":"tm-no-options","13":"first","14":"instock","15":"sale","16":"taxable","17":"shipping-taxable","18":"purchasable","19":"product-type-simple"},"acf":[],"_links":{"self":[{"href":"https:\/\/secureus.se\/es\/wp-json\/wp\/v2\/product\/115450","targetHints":{"allow":["GET"]}}],"collection":[{"href":"https:\/\/secureus.se\/es\/wp-json\/wp\/v2\/product"}],"about":[{"href":"https:\/\/secureus.se\/es\/wp-json\/wp\/v2\/types\/product"}],"wp:featuredmedia":[{"embeddable":true,"href":"https:\/\/secureus.se\/es\/wp-json\/wp\/v2\/media\/133679"}],"wp:attachment":[{"href":"https:\/\/secureus.se\/es\/wp-json\/wp\/v2\/media?parent=115450"}],"wp:term":[{"taxonomy":"product_brand","embeddable":true,"href":"https:\/\/secureus.se\/es\/wp-json\/wp\/v2\/product_brand?post=115450"},{"taxonomy":"product_cat","embeddable":true,"href":"https:\/\/secureus.se\/es\/wp-json\/wp\/v2\/product_cat?post=115450"},{"taxonomy":"product_tag","embeddable":true,"href":"https:\/\/secureus.se\/es\/wp-json\/wp\/v2\/product_tag?post=115450"}],"curies":[{"name":"wp","href":"https:\/\/api.w.org\/{rel}","templated":true}]}}