{"id":115475,"date":"2024-11-20T14:14:58","date_gmt":"2024-11-20T13:14:58","guid":{"rendered":"https:\/\/secureus.se\/?post_type=product&#038;p=115475"},"modified":"2026-01-12T12:05:54","modified_gmt":"2026-01-12T11:05:54","slug":"plastficka-a4l-med-tradbygel","status":"publish","type":"product","link":"https:\/\/secureus.se\/es\/plastficka-a4l-med-tradbygel\/","title":{"rendered":"Bolsillo de pl\u00e1stico A4L con percha de alambre"},"content":{"rendered":"<p>El etiquetado claro y conciso de contenedores, collares de paletas, cajas de paletas y paredes de malla mejora y agiliza el proceso de trabajo en almacenes e instalaciones de producci\u00f3n. Las bolsas de pl\u00e1stico hechas de polipropileno duradero se pueden leer con un esc\u00e1ner. Una tapa protege el inserto de la suciedad y la humedad incluso en exteriores. Se fija con un clip de alambre flexible y galvanizado. Una plantilla gratuita para la etiqueta est\u00e1 disponible en www.duraprint.se.<br \/>\nDimensiones interiores: A4L (297 \u00d7 210 mm de ancho x alto)<br \/>\nDimensiones externas: 311 x 280 mm (ancho x alto)<br \/>\nDimensiones externas con alambre de acero: 329\u00d7288 mm (An x Al)<br \/>\nAccesorios: Etiquetas en hojas A4, art. No. 485602<\/p>","protected":false},"excerpt":{"rendered":"<p>Bolsillo de pl\u00e1stico con presilla de alambre para usar, por ejemplo, en rejillas de malla, collares para paletas, cajas para paletas. Con tapa protectora sobre la apertura.<\/p>","protected":false},"featured_media":133878,"template":"","meta":{"_acf_changed":false},"product_brand":[],"product_cat":[4306],"product_tag":[4395],"class_list":{"0":"post-115475","1":"product","2":"type-product","3":"status-publish","4":"has-post-thumbnail","6":"product_cat-markning-pallstall","7":"product_tag-gul","8":"product_shipping_class-tunga-paket","9":"pa_brands-durable","10":"pa_farg-gul","11":"tm-no-options","13":"first","14":"instock","15":"sale","16":"taxable","17":"shipping-taxable","18":"purchasable","19":"product-type-simple"},"acf":[],"_links":{"self":[{"href":"https:\/\/secureus.se\/es\/wp-json\/wp\/v2\/product\/115475","targetHints":{"allow":["GET"]}}],"collection":[{"href":"https:\/\/secureus.se\/es\/wp-json\/wp\/v2\/product"}],"about":[{"href":"https:\/\/secureus.se\/es\/wp-json\/wp\/v2\/types\/product"}],"wp:featuredmedia":[{"embeddable":true,"href":"https:\/\/secureus.se\/es\/wp-json\/wp\/v2\/media\/133878"}],"wp:attachment":[{"href":"https:\/\/secureus.se\/es\/wp-json\/wp\/v2\/media?parent=115475"}],"wp:term":[{"taxonomy":"product_brand","embeddable":true,"href":"https:\/\/secureus.se\/es\/wp-json\/wp\/v2\/product_brand?post=115475"},{"taxonomy":"product_cat","embeddable":true,"href":"https:\/\/secureus.se\/es\/wp-json\/wp\/v2\/product_cat?post=115475"},{"taxonomy":"product_tag","embeddable":true,"href":"https:\/\/secureus.se\/es\/wp-json\/wp\/v2\/product_tag?post=115475"}],"curies":[{"name":"wp","href":"https:\/\/api.w.org\/{rel}","templated":true}]}}