{"id":115485,"date":"2024-11-20T13:57:47","date_gmt":"2024-11-20T12:57:47","guid":{"rendered":"https:\/\/secureus.se\/?post_type=product&#038;p=115485"},"modified":"2026-01-12T12:26:10","modified_gmt":"2026-01-12T11:26:10","slug":"etiketter-n-149x2105-a5-staende-refill","status":"publish","type":"product","link":"https:\/\/secureus.se\/es\/etiketter-n-149x2105-a5-staende-refill\/","title":{"rendered":"Recambio de etiquetas N 149\u00d7210,5 (A5 vertical)"},"content":{"rendered":"<p>Hojas blancas A4 de 160 gr que se adaptan a las se\u00f1ales INFO SIGN 4803 formato vertical A5 149\u00d7210,5mm. Dise\u00f1e el cartel utilizando el programa gratuito DURAPRINT\u00ae disponible en www.duraprint.se e impr\u00edmalo con una impresora l\u00e1ser. Un paquete contiene 10 hojas con 1 inserto\/hoja de cartel. Las l\u00e1minas est\u00e1n perforadas y son f\u00e1ciles de romper.<\/p>","protected":false},"excerpt":{"rendered":"<p>10 insertos blancos para el r\u00f3tulo INFO SIGN 4803, formato vertical A5 (149\u00d7210,5 mm). <\/p>","protected":false},"featured_media":135067,"template":"","meta":{"_acf_changed":false},"product_brand":[],"product_cat":[4265,4263,4206],"product_tag":[4396],"class_list":{"0":"post-115485","1":"product","2":"type-product","3":"status-publish","4":"has-post-thumbnail","6":"product_cat-dorrskyltar-i-alumunium","7":"product_cat-dorrskyltar-i-plast","8":"product_cat-kontor-lager","9":"product_tag-vit","10":"product_shipping_class-tunga-paket","11":"pa_brands-durable","12":"pa_farg-vit","13":"tm-no-options","15":"first","16":"instock","17":"sale","18":"taxable","19":"shipping-taxable","20":"purchasable","21":"product-type-simple"},"acf":[],"_links":{"self":[{"href":"https:\/\/secureus.se\/es\/wp-json\/wp\/v2\/product\/115485","targetHints":{"allow":["GET"]}}],"collection":[{"href":"https:\/\/secureus.se\/es\/wp-json\/wp\/v2\/product"}],"about":[{"href":"https:\/\/secureus.se\/es\/wp-json\/wp\/v2\/types\/product"}],"wp:featuredmedia":[{"embeddable":true,"href":"https:\/\/secureus.se\/es\/wp-json\/wp\/v2\/media\/135067"}],"wp:attachment":[{"href":"https:\/\/secureus.se\/es\/wp-json\/wp\/v2\/media?parent=115485"}],"wp:term":[{"taxonomy":"product_brand","embeddable":true,"href":"https:\/\/secureus.se\/es\/wp-json\/wp\/v2\/product_brand?post=115485"},{"taxonomy":"product_cat","embeddable":true,"href":"https:\/\/secureus.se\/es\/wp-json\/wp\/v2\/product_cat?post=115485"},{"taxonomy":"product_tag","embeddable":true,"href":"https:\/\/secureus.se\/es\/wp-json\/wp\/v2\/product_tag?post=115485"}],"curies":[{"name":"wp","href":"https:\/\/api.w.org\/{rel}","templated":true}]}}