{"id":115505,"date":"2024-11-20T13:56:48","date_gmt":"2024-11-20T12:56:48","guid":{"rendered":"https:\/\/secureus.se\/?post_type=product&#038;p=115505"},"modified":"2026-01-12T12:29:35","modified_gmt":"2026-01-12T11:29:35","slug":"infoficka-a3-statiskt-vidhaftning-5-pack","status":"publish","type":"product","link":"https:\/\/secureus.se\/es\/infoficka-a3-statiskt-vidhaftning-5-pack\/","title":{"rendered":"Bolsillo informativo adhesivo est\u00e1tico A3, paquete de 5"},"content":{"rendered":"<p>Utilice el bolsillo informativo para ofertas, publicidad e informaci\u00f3n colocada en el interior de mostradores de cristal, escaparates o ventanillas de autom\u00f3viles. La funda se adhiere est\u00e1ticamente a superficies de vidrio lisas y bien limpias (incluso las curvas) y no deja marcas al retirarla. Resistente al calor hasta 70\u00b0 y estable a los rayos UV hasta 2 a\u00f1os. Un orificio oblongo a lo largo del centro del bolsillo facilita la inserci\u00f3n o sustituci\u00f3n de documentos. Se puede utilizar varias veces y en formato vertical u horizontal.<br \/>\nPara documentos en formato A3, dimensiones interiores 303\u00d7430 mm. Dimensiones externas 323\u00d7236 mm.<br \/>\nPaquete de 5 uds.<\/p>","protected":false},"excerpt":{"rendered":"<p>Bolsillo informativo para superficies de vidrio interiores, incluso las curvas, p. ej. ventanas de coche<\/p>","protected":false},"featured_media":135129,"template":"","meta":{"_acf_changed":false},"product_brand":[],"product_cat":[4294],"product_tag":[4394],"class_list":{"0":"post-115505","1":"product","2":"type-product","3":"status-publish","4":"has-post-thumbnail","6":"product_cat-inforamar-for-solexponerade-ytor","7":"product_tag-antracitgra","8":"product_shipping_class-tunga-paket","9":"pa_brands-durable","10":"pa_farg-antracitgra","11":"tm-no-options","13":"first","14":"instock","15":"sale","16":"taxable","17":"shipping-taxable","18":"purchasable","19":"product-type-simple"},"acf":[],"_links":{"self":[{"href":"https:\/\/secureus.se\/es\/wp-json\/wp\/v2\/product\/115505","targetHints":{"allow":["GET"]}}],"collection":[{"href":"https:\/\/secureus.se\/es\/wp-json\/wp\/v2\/product"}],"about":[{"href":"https:\/\/secureus.se\/es\/wp-json\/wp\/v2\/types\/product"}],"wp:featuredmedia":[{"embeddable":true,"href":"https:\/\/secureus.se\/es\/wp-json\/wp\/v2\/media\/135129"}],"wp:attachment":[{"href":"https:\/\/secureus.se\/es\/wp-json\/wp\/v2\/media?parent=115505"}],"wp:term":[{"taxonomy":"product_brand","embeddable":true,"href":"https:\/\/secureus.se\/es\/wp-json\/wp\/v2\/product_brand?post=115505"},{"taxonomy":"product_cat","embeddable":true,"href":"https:\/\/secureus.se\/es\/wp-json\/wp\/v2\/product_cat?post=115505"},{"taxonomy":"product_tag","embeddable":true,"href":"https:\/\/secureus.se\/es\/wp-json\/wp\/v2\/product_tag?post=115505"}],"curies":[{"name":"wp","href":"https:\/\/api.w.org\/{rel}","templated":true}]}}