{"id":115528,"date":"2024-11-20T14:13:09","date_gmt":"2024-11-20T13:13:09","guid":{"rendered":"https:\/\/secureus.se\/?post_type=product&#038;p=115528"},"modified":"2026-01-12T12:46:01","modified_gmt":"2026-01-12T11:46:01","slug":"namnskylt-60x90-hangselclips-2","status":"publish","type":"product","link":"https:\/\/secureus.se\/es\/namnskylt-60x90-hangselclips-2\/","title":{"rendered":"Placa de identificaci\u00f3n 60\u00d790, clip de suspensi\u00f3n"},"content":{"rendered":"<p>Participantes en congresos, visitantes de empresas, colaboradores en ferias, en tiendas, profesionales del sector servicios, vendedores\u2026 la lista puede ser muy larga cuando se necesitan credenciales con nombres en distintos tama\u00f1os, dise\u00f1os y posibilidades de fijaci\u00f3n. Esta placa tiene un formato horizontal de 60 x 90 mm y un clip de suspensi\u00f3n giratorio que garantiza que el cartel siempre cuelgue en la posici\u00f3n correcta. El frente recortado facilita el reemplazo de la tarjeta si es necesario hacerlo con relativa frecuencia. Se incluyen etiquetas blancas en una tira. Las etiquetas en hojas A4 para imprimir en la impresora se pueden pedir por separado. Utilice el programa gratuito DURAPRINT\u00ae disponible en www.duraprint.se para crear e imprimir elegantes etiquetas con nombres.<br \/>\nAccesorios:<br \/>\nEtiquetas Badgemaker\u00ae en hojas A4 para imprimir en impresoras, n.\u00ba de art\u00edculo 145602<\/p>","protected":false},"excerpt":{"rendered":"<p>Placa colgante en formato apaisado de 60x90mm con pinza para colgar. Parte frontal recortada para facilitar el reemplazo de la tarjeta. 25 piezas\/paquete.<\/p>","protected":false},"featured_media":133918,"template":"","meta":{"_acf_changed":false},"product_brand":[],"product_cat":[4284],"product_tag":[4387],"class_list":{"0":"post-115528","1":"product","2":"type-product","3":"status-publish","4":"has-post-thumbnail","6":"product_cat-namnskyltar-med-clips","7":"product_tag-bla","8":"product_shipping_class-tunga-paket","9":"pa_brands-durable","10":"pa_farg-bla","11":"tm-no-options","13":"first","14":"instock","15":"sale","16":"taxable","17":"shipping-taxable","18":"purchasable","19":"product-type-simple"},"acf":[],"_links":{"self":[{"href":"https:\/\/secureus.se\/es\/wp-json\/wp\/v2\/product\/115528","targetHints":{"allow":["GET"]}}],"collection":[{"href":"https:\/\/secureus.se\/es\/wp-json\/wp\/v2\/product"}],"about":[{"href":"https:\/\/secureus.se\/es\/wp-json\/wp\/v2\/types\/product"}],"wp:featuredmedia":[{"embeddable":true,"href":"https:\/\/secureus.se\/es\/wp-json\/wp\/v2\/media\/133918"}],"wp:attachment":[{"href":"https:\/\/secureus.se\/es\/wp-json\/wp\/v2\/media?parent=115528"}],"wp:term":[{"taxonomy":"product_brand","embeddable":true,"href":"https:\/\/secureus.se\/es\/wp-json\/wp\/v2\/product_brand?post=115528"},{"taxonomy":"product_cat","embeddable":true,"href":"https:\/\/secureus.se\/es\/wp-json\/wp\/v2\/product_cat?post=115528"},{"taxonomy":"product_tag","embeddable":true,"href":"https:\/\/secureus.se\/es\/wp-json\/wp\/v2\/product_tag?post=115528"}],"curies":[{"name":"wp","href":"https:\/\/api.w.org\/{rel}","templated":true}]}}