{"id":115530,"date":"2024-11-20T14:11:21","date_gmt":"2024-11-20T13:11:21","guid":{"rendered":"https:\/\/secureus.se\/?post_type=product&#038;p=115530"},"modified":"2025-09-15T12:43:41","modified_gmt":"2025-09-15T10:43:41","slug":"kabelsamlare-cavoline-grip-10","status":"publish","type":"product","link":"https:\/\/secureus.se\/es\/kabelsamlare-cavoline-grip-10\/","title":{"rendered":"Colector de cables CAVOLINE\u00ae GRIP 10"},"content":{"rendered":"<p>Mantenga sus cables organizados con CAVOLINE\u00ae tanto en la oficina como en casa. Re\u00fane los cables para que se vea m\u00e1s ordenado y sea m\u00e1s f\u00e1cil de limpiar.<br \/>\nLa correa de velcro de 1 cm de ancho se corta a la longitud deseada para adaptarse a diferentes paquetes. La banda se puede utilizar varias veces.<br \/>\n  Dimensiones: 1 x 1 cm (largo x ancho)<\/p>","protected":false},"excerpt":{"rendered":"<p>Pasacables fabricado en velcro de 1 cm de ancho recortable a la longitud deseada.<\/p>","protected":false},"featured_media":133621,"template":"","meta":{"_acf_changed":false},"product_brand":[],"product_cat":[4241,4287],"product_tag":[4381],"class_list":{"0":"post-115530","1":"product","2":"type-product","3":"status-publish","4":"has-post-thumbnail","6":"product_cat-datortillbehor","7":"product_cat-kabelsamlare","8":"product_tag-svart","9":"pa_brands-durable","10":"pa_farg-svart","11":"tm-no-options","13":"first","14":"instock","15":"sale","16":"taxable","17":"shipping-taxable","18":"purchasable","19":"product-type-simple"},"acf":[],"_links":{"self":[{"href":"https:\/\/secureus.se\/es\/wp-json\/wp\/v2\/product\/115530","targetHints":{"allow":["GET"]}}],"collection":[{"href":"https:\/\/secureus.se\/es\/wp-json\/wp\/v2\/product"}],"about":[{"href":"https:\/\/secureus.se\/es\/wp-json\/wp\/v2\/types\/product"}],"wp:featuredmedia":[{"embeddable":true,"href":"https:\/\/secureus.se\/es\/wp-json\/wp\/v2\/media\/133621"}],"wp:attachment":[{"href":"https:\/\/secureus.se\/es\/wp-json\/wp\/v2\/media?parent=115530"}],"wp:term":[{"taxonomy":"product_brand","embeddable":true,"href":"https:\/\/secureus.se\/es\/wp-json\/wp\/v2\/product_brand?post=115530"},{"taxonomy":"product_cat","embeddable":true,"href":"https:\/\/secureus.se\/es\/wp-json\/wp\/v2\/product_cat?post=115530"},{"taxonomy":"product_tag","embeddable":true,"href":"https:\/\/secureus.se\/es\/wp-json\/wp\/v2\/product_tag?post=115530"}],"curies":[{"name":"wp","href":"https:\/\/api.w.org\/{rel}","templated":true}]}}