{"id":115546,"date":"2024-11-20T14:11:22","date_gmt":"2024-11-20T13:11:22","guid":{"rendered":"https:\/\/secureus.se\/?post_type=product&#038;p=115546"},"modified":"2025-09-15T12:44:03","modified_gmt":"2025-09-15T10:44:03","slug":"kabelsamlare-cavoline-grip-tie","status":"publish","type":"product","link":"https:\/\/secureus.se\/es\/kabelsamlare-cavoline-grip-tie\/","title":{"rendered":"Colector de cables CAVOLINE\u00ae GRIP TIE"},"content":{"rendered":"<p>Mantenga sus cables organizados con CAVOLINE\u00ae tanto en la oficina como en casa. Re\u00fane los cables para que se vea m\u00e1s ordenado y sea m\u00e1s f\u00e1cil de limpiar.<br \/>\nLa correa de velcro de 1 cm de ancho se puede ajustar con firmeza gracias al lazo. La banda se puede utilizar varias veces. Pack de uno de cada color: blanco, negro, azul, rojo y amarillo. Dimensiones: 20 x 1 cm (largo x ancho)<\/p>","protected":false},"excerpt":{"rendered":"<p>Colector de cables autoblocante para agrupar cables.<\/p>","protected":false},"featured_media":133812,"template":"","meta":{"_acf_changed":false},"product_brand":[],"product_cat":[4287],"product_tag":[4397],"class_list":{"0":"post-115546","1":"product","2":"type-product","3":"status-publish","4":"has-post-thumbnail","6":"product_cat-kabelsamlare","7":"product_tag-mix","8":"pa_brands-durable","9":"pa_farg-mix","10":"tm-no-options","12":"first","13":"onbackorder","14":"sale","15":"taxable","16":"shipping-taxable","17":"purchasable","18":"product-type-simple"},"acf":[],"_links":{"self":[{"href":"https:\/\/secureus.se\/es\/wp-json\/wp\/v2\/product\/115546","targetHints":{"allow":["GET"]}}],"collection":[{"href":"https:\/\/secureus.se\/es\/wp-json\/wp\/v2\/product"}],"about":[{"href":"https:\/\/secureus.se\/es\/wp-json\/wp\/v2\/types\/product"}],"wp:featuredmedia":[{"embeddable":true,"href":"https:\/\/secureus.se\/es\/wp-json\/wp\/v2\/media\/133812"}],"wp:attachment":[{"href":"https:\/\/secureus.se\/es\/wp-json\/wp\/v2\/media?parent=115546"}],"wp:term":[{"taxonomy":"product_brand","embeddable":true,"href":"https:\/\/secureus.se\/es\/wp-json\/wp\/v2\/product_brand?post=115546"},{"taxonomy":"product_cat","embeddable":true,"href":"https:\/\/secureus.se\/es\/wp-json\/wp\/v2\/product_cat?post=115546"},{"taxonomy":"product_tag","embeddable":true,"href":"https:\/\/secureus.se\/es\/wp-json\/wp\/v2\/product_tag?post=115546"}],"curies":[{"name":"wp","href":"https:\/\/api.w.org\/{rel}","templated":true}]}}