{"id":115567,"date":"2024-12-07T15:21:15","date_gmt":"2024-12-07T14:21:15","guid":{"rendered":"https:\/\/secureus.se\/?post_type=product&#038;p=115567"},"modified":"2026-01-12T12:29:44","modified_gmt":"2026-01-12T11:29:44","slug":"plastficka-vattentalig-a3-magnetisk","status":"publish","type":"product","link":"https:\/\/secureus.se\/es\/plastficka-vattentalig-a3-magnetisk\/","title":{"rendered":"Bolsillo de pl\u00e1stico impermeable A3 magn\u00e9tico"},"content":{"rendered":"<p>Bolsillos de pl\u00e1stico resistentes al agua y a las fugas, a la intemperie y a los ara\u00f1azos, a los rayos UV y no reflectantes para informaci\u00f3n de doble cara en entornos expuestos a la lluvia, la humedad, las salpicaduras y la suciedad, por ejemplo. zonas de piscina, instalaciones de sauna, salones de bricolaje y tiendas de jardiner\u00eda. Lavable y desinfectable. El cartel\/informaci\u00f3n se puede realizar utilizando plantillas disponibles en el programa gratuito duraprint. Las fundas de pl\u00e1stico se pueden utilizar en formato vertical u horizontal, se incluyen 2 hojas A3 de 160 g\/m2. Dos tiras magn\u00e9ticas en la parte posterior del bolsillo permiten adherirlos a superficies lisas magn\u00e9ticas. 5 piezas en una bolsa. <\/p>","protected":false},"excerpt":{"rendered":"<p>Bolsillo de pl\u00e1stico impermeable para informaci\u00f3n en exteriores y en ambientes interiores h\u00famedos. Se adhiere a superficies magn\u00e9ticas.<\/p>","protected":false},"featured_media":135485,"template":"","meta":{"_acf_changed":false},"product_brand":[],"product_cat":[4306],"product_tag":[4376],"class_list":{"0":"post-115567","1":"product","2":"type-product","3":"status-publish","4":"has-post-thumbnail","6":"product_cat-markning-pallstall","7":"product_tag-transparent","8":"product_shipping_class-tunga-paket","9":"pa_brands-durable","10":"pa_farg-transparent","11":"tm-no-options","13":"first","14":"instock","15":"sale","16":"taxable","17":"shipping-taxable","18":"purchasable","19":"product-type-simple"},"acf":[],"_links":{"self":[{"href":"https:\/\/secureus.se\/es\/wp-json\/wp\/v2\/product\/115567","targetHints":{"allow":["GET"]}}],"collection":[{"href":"https:\/\/secureus.se\/es\/wp-json\/wp\/v2\/product"}],"about":[{"href":"https:\/\/secureus.se\/es\/wp-json\/wp\/v2\/types\/product"}],"wp:featuredmedia":[{"embeddable":true,"href":"https:\/\/secureus.se\/es\/wp-json\/wp\/v2\/media\/135485"}],"wp:attachment":[{"href":"https:\/\/secureus.se\/es\/wp-json\/wp\/v2\/media?parent=115567"}],"wp:term":[{"taxonomy":"product_brand","embeddable":true,"href":"https:\/\/secureus.se\/es\/wp-json\/wp\/v2\/product_brand?post=115567"},{"taxonomy":"product_cat","embeddable":true,"href":"https:\/\/secureus.se\/es\/wp-json\/wp\/v2\/product_cat?post=115567"},{"taxonomy":"product_tag","embeddable":true,"href":"https:\/\/secureus.se\/es\/wp-json\/wp\/v2\/product_tag?post=115567"}],"curies":[{"name":"wp","href":"https:\/\/api.w.org\/{rel}","templated":true}]}}