{"id":115573,"date":"2024-12-07T15:21:13","date_gmt":"2024-12-07T14:21:13","guid":{"rendered":"https:\/\/secureus.se\/?post_type=product&#038;p=115573"},"modified":"2026-03-11T14:42:24","modified_gmt":"2026-03-11T13:42:24","slug":"nyckelskap-key-box-54-med-cylinderlas","status":"publish","type":"product","link":"https:\/\/secureus.se\/es\/nyckelskap-key-box-54-med-cylinderlas\/","title":{"rendered":"Armario de llaves KEY BOX 54 con cerradura de cilindro"},"content":{"rendered":"<p>Un armario para llaves ofrece un lugar natural para guardar y guardar las llaves, lo que mejora el orden y la seguridad. La serie KEY BOX de Durable, con varios armarios para llaves, est\u00e1 fabricada en aluminio y presenta una lista de contenido clara en el interior de la puerta. Las etiquetas para llaves est\u00e1n especialmente dise\u00f1adas para colgarse entre dos ganchos en la tira, lo que permite ver claramente la marca y permite colgar la llave detr\u00e1s de la etiqueta. Se incluye un juego de 6 etiquetas para llaves en rojo, amarillo, azul y negro, adem\u00e1s de tornillos y tacos para su montaje. Puede descargar plantillas para imprimir etiquetas para las etiquetas y la lista de llaves en https:\/\/www.durable.se\/service\/ladda-ner\/mallar.html. Este armario para llaves cuenta con una cerradura de cilindro con 2 llaves y espacio para 54 llaves. Dimensiones: 28 x 30 x 12 cm (alto x ancho x profundo).<br \/>\nAccesorios: Llaveros adicionales, n\u00famero de art\u00edculo 1957, en diferentes colores.<\/p>","protected":false},"excerpt":{"rendered":"<p>Armario de llaves de aluminio para almacenar 54 llaves.<\/p>","protected":false},"featured_media":135305,"template":"","meta":{"_acf_changed":false},"product_brand":[],"product_cat":[1932],"product_tag":[4382],"class_list":{"0":"post-115573","1":"product","2":"type-product","3":"status-publish","4":"has-post-thumbnail","6":"product_cat-nyckelgomma-nyckelbox","7":"product_tag-silver","8":"product_shipping_class-tunga-paket","9":"pa_brands-durable","10":"pa_farg-silver","11":"tm-no-options","13":"first","14":"instock","15":"sale","16":"taxable","17":"shipping-taxable","18":"purchasable","19":"product-type-simple"},"acf":[],"_links":{"self":[{"href":"https:\/\/secureus.se\/es\/wp-json\/wp\/v2\/product\/115573","targetHints":{"allow":["GET"]}}],"collection":[{"href":"https:\/\/secureus.se\/es\/wp-json\/wp\/v2\/product"}],"about":[{"href":"https:\/\/secureus.se\/es\/wp-json\/wp\/v2\/types\/product"}],"wp:featuredmedia":[{"embeddable":true,"href":"https:\/\/secureus.se\/es\/wp-json\/wp\/v2\/media\/135305"}],"wp:attachment":[{"href":"https:\/\/secureus.se\/es\/wp-json\/wp\/v2\/media?parent=115573"}],"wp:term":[{"taxonomy":"product_brand","embeddable":true,"href":"https:\/\/secureus.se\/es\/wp-json\/wp\/v2\/product_brand?post=115573"},{"taxonomy":"product_cat","embeddable":true,"href":"https:\/\/secureus.se\/es\/wp-json\/wp\/v2\/product_cat?post=115573"},{"taxonomy":"product_tag","embeddable":true,"href":"https:\/\/secureus.se\/es\/wp-json\/wp\/v2\/product_tag?post=115573"}],"curies":[{"name":"wp","href":"https:\/\/api.w.org\/{rel}","templated":true}]}}