{"id":115599,"date":"2024-11-20T14:14:11","date_gmt":"2024-11-20T13:14:11","guid":{"rendered":"https:\/\/secureus.se\/?post_type=product&#038;p=115599"},"modified":"2026-01-12T12:46:19","modified_gmt":"2026-01-12T11:46:19","slug":"namnskylt-clip-card-17x67-magnetfaste","status":"publish","type":"product","link":"https:\/\/secureus.se\/es\/namnskylt-clip-card-17x67-magnetfaste\/","title":{"rendered":"Placa de identificaci\u00f3n CLIP CARD 17\u00d767, montaje magn\u00e9tico"},"content":{"rendered":"<p>Participantes en congresos, visitantes de empresas, colaboradores en ferias, en tiendas, profesionales del sector servicios, vendedores\u2026 la lista puede ser muy larga cuando se necesitan identificaciones en distintos tama\u00f1os, dise\u00f1os y posibilidades de fijaci\u00f3n. Este letrero de 17 x 67 mm est\u00e1 hecho de acr\u00edlico y el frente de acr\u00edlico tiene un ligero efecto de aumento, lo que hace que el texto sea muy f\u00e1cil de leer. Cierre magn\u00e9tico apto para textiles que funciona bien en prendas delicadas. \u00a1NOTA! No apto para personas con marcapasos. Etiquetas blancas incluidas. Las etiquetas en hojas A4 para imprimir en la impresora se pueden pedir por separado. Utilice el programa gratuito DURAPRINT\u00ae disponible en www.duraprint.se para crear e imprimir elegantes etiquetas con nombres.<br \/>\nAccesorios:<br \/>\nEtiquetas Badgemaker\u00ae en hojas A4 para imprimir en impresoras, n.\u00ba de art\u00edculo 146102<\/p>","protected":false},"excerpt":{"rendered":"<p>Placa de identificaci\u00f3n CLIP CARD con fijaci\u00f3n magn\u00e9tica. Frontal de acr\u00edlico con ligero efecto de aumento, 17x67mm. 25 piezas\/paquete<\/p>","protected":false},"featured_media":133895,"template":"","meta":{"_acf_changed":false},"product_brand":[],"product_cat":[4286],"product_tag":[4381],"class_list":{"0":"post-115599","1":"product","2":"type-product","3":"status-publish","4":"has-post-thumbnail","6":"product_cat-namnskyltar-med-magnet","7":"product_tag-svart","8":"product_shipping_class-tunga-paket","9":"pa_brands-durable","10":"pa_farg-svart","11":"tm-no-options","13":"first","14":"instock","15":"sale","16":"taxable","17":"shipping-taxable","18":"purchasable","19":"product-type-simple"},"acf":[],"_links":{"self":[{"href":"https:\/\/secureus.se\/es\/wp-json\/wp\/v2\/product\/115599","targetHints":{"allow":["GET"]}}],"collection":[{"href":"https:\/\/secureus.se\/es\/wp-json\/wp\/v2\/product"}],"about":[{"href":"https:\/\/secureus.se\/es\/wp-json\/wp\/v2\/types\/product"}],"wp:featuredmedia":[{"embeddable":true,"href":"https:\/\/secureus.se\/es\/wp-json\/wp\/v2\/media\/133895"}],"wp:attachment":[{"href":"https:\/\/secureus.se\/es\/wp-json\/wp\/v2\/media?parent=115599"}],"wp:term":[{"taxonomy":"product_brand","embeddable":true,"href":"https:\/\/secureus.se\/es\/wp-json\/wp\/v2\/product_brand?post=115599"},{"taxonomy":"product_cat","embeddable":true,"href":"https:\/\/secureus.se\/es\/wp-json\/wp\/v2\/product_cat?post=115599"},{"taxonomy":"product_tag","embeddable":true,"href":"https:\/\/secureus.se\/es\/wp-json\/wp\/v2\/product_tag?post=115599"}],"curies":[{"name":"wp","href":"https:\/\/api.w.org\/{rel}","templated":true}]}}