{"id":115607,"date":"2024-11-20T14:14:36","date_gmt":"2024-11-20T13:14:36","guid":{"rendered":"https:\/\/secureus.se\/?post_type=product&#038;p=115607"},"modified":"2026-01-12T12:51:52","modified_gmt":"2026-01-12T11:51:52","slug":"namnskylt-set-40x105-nal-klamma-a4-etikettark","status":"publish","type":"product","link":"https:\/\/secureus.se\/es\/namnskylt-set-40x105-nal-klamma-a4-etikettark\/","title":{"rendered":"SET de placas de identificaci\u00f3n 40\u00d7105, pin\/clip + hoja de etiquetas A4"},"content":{"rendered":"<p>Participantes en congresos, visitantes de empresas, colaboradores en ferias, en tiendas, profesionales del sector servicios, vendedores\u2026 la lista puede ser muy larga cuando se necesitan identificaciones en distintos tama\u00f1os, dise\u00f1os y posibilidades de fijaci\u00f3n. Juego completo con placa de identificaci\u00f3n extra ancha de 40\u00d7105 mm que ofrece amplio espacio para el nombre y el logotipo. Permite que las personas mantengan la distancia, ya que la legibilidad es buena incluso desde la distancia. La abrazadera combinada le brinda la opci\u00f3n de elegir c\u00f3mo fijar el cartel. Se incluyen 3 hojas A4 de etiquetas blancas para imprimir en impresora l\u00e1ser, de inyecci\u00f3n de tinta o fotocopiadora. Utilice el programa gratuito DURAPRINT\u00ae disponible en www.duraprint.se para crear e imprimir elegantes etiquetas con nombres.<\/p>","protected":false},"excerpt":{"rendered":"<p>Juego completo de hojas de etiquetas A4 para imprimir en impresora. 14 etiquetas de nombre que se pueden fijar con un imperdible o un clip. Extra ancho para una buena legibilidad a largas distancias. <\/p>","protected":false},"featured_media":133559,"template":"","meta":{"_acf_changed":false},"product_brand":[],"product_cat":[4275],"product_tag":[],"class_list":{"0":"post-115607","1":"product","2":"type-product","3":"status-publish","4":"has-post-thumbnail","6":"product_cat-namnskyltar-kompletta-set","7":"product_shipping_class-tunga-paket","8":"pa_brands-durable","9":"tm-no-options","11":"first","12":"instock","13":"sale","14":"taxable","15":"shipping-taxable","16":"purchasable","17":"product-type-simple"},"acf":[],"_links":{"self":[{"href":"https:\/\/secureus.se\/es\/wp-json\/wp\/v2\/product\/115607","targetHints":{"allow":["GET"]}}],"collection":[{"href":"https:\/\/secureus.se\/es\/wp-json\/wp\/v2\/product"}],"about":[{"href":"https:\/\/secureus.se\/es\/wp-json\/wp\/v2\/types\/product"}],"wp:featuredmedia":[{"embeddable":true,"href":"https:\/\/secureus.se\/es\/wp-json\/wp\/v2\/media\/133559"}],"wp:attachment":[{"href":"https:\/\/secureus.se\/es\/wp-json\/wp\/v2\/media?parent=115607"}],"wp:term":[{"taxonomy":"product_brand","embeddable":true,"href":"https:\/\/secureus.se\/es\/wp-json\/wp\/v2\/product_brand?post=115607"},{"taxonomy":"product_cat","embeddable":true,"href":"https:\/\/secureus.se\/es\/wp-json\/wp\/v2\/product_cat?post=115607"},{"taxonomy":"product_tag","embeddable":true,"href":"https:\/\/secureus.se\/es\/wp-json\/wp\/v2\/product_tag?post=115607"}],"curies":[{"name":"wp","href":"https:\/\/api.w.org\/{rel}","templated":true}]}}