{"id":115619,"date":"2024-11-20T14:41:22","date_gmt":"2024-11-20T13:41:22","guid":{"rendered":"https:\/\/secureus.se\/?post_type=product&#038;p=115619"},"modified":"2026-01-12T12:29:02","modified_gmt":"2026-01-12T11:29:02","slug":"magnetram-duraframe-magnetic-note-a4","status":"publish","type":"product","link":"https:\/\/secureus.se\/es\/magnetram-duraframe-magnetic-note-a4\/","title":{"rendered":"Marco magn\u00e9tico DURAFRAME\u00ae MAGNETIC NOTE A4"},"content":{"rendered":"<p>Utilice el marco de informaci\u00f3n adhesivo magn\u00e9tico DURAFRAME\u00ae MAGNETIC NOTE para, por ejemplo, listas de verificaci\u00f3n en las que se deben realizar notas directamente en el papel.<br \/>\nF\u00e1cil de insertar o cambiar mensajes levantando el frente con cierre magn\u00e9tico en los tres lados que se pueden abrir. La parte posterior de la l\u00e1mina de pl\u00e1stico inferior tiene tiras magn\u00e9ticas alrededor de todo el marco para montarla en pizarras blancas, casilleros y paredes de metal, por ejemplo.<br \/>\nAdmite hasta 5 hojas A4 de 80 g, como programas de limpieza, listas de registro o controles de mantenimiento en los que es necesario tomar notas directamente en la hoja. Portal\u00e1pices en un lado.<br \/>\nPaquete de 1.<\/p>","protected":false},"excerpt":{"rendered":"<p>Marco magn\u00e9tico para notas directamente sobre el papel. Para uso en superficies met\u00e1licas.<\/p>","protected":false},"featured_media":133109,"template":"","meta":{"_acf_changed":false},"product_brand":[],"product_cat":[4295],"product_tag":[4382],"class_list":{"0":"post-115619","1":"product","2":"type-product","3":"status-publish","4":"has-post-thumbnail","6":"product_cat-inforamar-for-metallytor","7":"product_tag-silver","8":"product_shipping_class-tunga-paket","9":"pa_brands-durable","10":"pa_farg-silver","11":"tm-no-options","13":"first","14":"instock","15":"sale","16":"taxable","17":"shipping-taxable","18":"purchasable","19":"product-type-simple"},"acf":[],"_links":{"self":[{"href":"https:\/\/secureus.se\/es\/wp-json\/wp\/v2\/product\/115619","targetHints":{"allow":["GET"]}}],"collection":[{"href":"https:\/\/secureus.se\/es\/wp-json\/wp\/v2\/product"}],"about":[{"href":"https:\/\/secureus.se\/es\/wp-json\/wp\/v2\/types\/product"}],"wp:featuredmedia":[{"embeddable":true,"href":"https:\/\/secureus.se\/es\/wp-json\/wp\/v2\/media\/133109"}],"wp:attachment":[{"href":"https:\/\/secureus.se\/es\/wp-json\/wp\/v2\/media?parent=115619"}],"wp:term":[{"taxonomy":"product_brand","embeddable":true,"href":"https:\/\/secureus.se\/es\/wp-json\/wp\/v2\/product_brand?post=115619"},{"taxonomy":"product_cat","embeddable":true,"href":"https:\/\/secureus.se\/es\/wp-json\/wp\/v2\/product_cat?post=115619"},{"taxonomy":"product_tag","embeddable":true,"href":"https:\/\/secureus.se\/es\/wp-json\/wp\/v2\/product_tag?post=115619"}],"curies":[{"name":"wp","href":"https:\/\/api.w.org\/{rel}","templated":true}]}}