{"id":115644,"date":"2024-11-20T14:41:22","date_gmt":"2024-11-20T13:41:22","guid":{"rendered":"https:\/\/secureus.se\/?post_type=product&#038;p=115644"},"modified":"2026-01-12T12:57:41","modified_gmt":"2026-01-12T11:57:41","slug":"magnetram-duraframe-magnetic-security-a4-3","status":"publish","type":"product","link":"https:\/\/secureus.se\/es\/magnetram-duraframe-magnetic-security-a4-3\/","title":{"rendered":"Marco magn\u00e9tico DURAFRAME\u00ae SEGURIDAD MAGN\u00c9TICA A4"},"content":{"rendered":"<p>Utilice el marco de informaci\u00f3n adhesivo magn\u00e9tico DURAFRAME\u00ae MAGNETIC SECURITY para mostrar informaci\u00f3n de seguridad y advertencia temporal o m\u00e1s permanente de una manera profesional, r\u00e1pida y sencilla. Coloque la l\u00e1mina protectora con im\u00e1n alrededor de todo el borde del marco sobre el documento y col\u00f3quelo, por ejemplo, en pizarras blancas, taquillas y paredes met\u00e1licas. \u00a1Claro! M\u00e1s limpio y f\u00e1cil de manejar que, por ejemplo, la cinta adhesiva.<br \/>\nPara documentos en formato A4. Se puede utilizar en formato vertical u horizontal. Dimensiones externas 236\u00d7323 mm. Los colores amarillo\/negro se\u00f1alan diferentes tipos de peligros y riesgos de acuerdo con la norma ISO 3864-4 para colores de seguridad.<br \/>\nPaquete de 5 uds.<\/p>","protected":false},"excerpt":{"rendered":"<p>Marco magn\u00e9tico en colores de alta visibilidad para mostrar informaci\u00f3n de seguridad importante, avisos y advertencias de forma ordenada.<\/p>","protected":false},"featured_media":133245,"template":"","meta":{"_acf_changed":false},"product_brand":[],"product_cat":[4295],"product_tag":[4386],"class_list":{"0":"post-115644","1":"product","2":"type-product","3":"status-publish","4":"has-post-thumbnail","6":"product_cat-inforamar-for-metallytor","7":"product_tag-gul-svart","8":"product_shipping_class-tunga-paket","9":"pa_brands-durable","10":"pa_farg-gul-svart","11":"tm-no-options","13":"first","14":"instock","15":"sale","16":"taxable","17":"shipping-taxable","18":"purchasable","19":"product-type-simple"},"acf":[],"_links":{"self":[{"href":"https:\/\/secureus.se\/es\/wp-json\/wp\/v2\/product\/115644","targetHints":{"allow":["GET"]}}],"collection":[{"href":"https:\/\/secureus.se\/es\/wp-json\/wp\/v2\/product"}],"about":[{"href":"https:\/\/secureus.se\/es\/wp-json\/wp\/v2\/types\/product"}],"wp:featuredmedia":[{"embeddable":true,"href":"https:\/\/secureus.se\/es\/wp-json\/wp\/v2\/media\/133245"}],"wp:attachment":[{"href":"https:\/\/secureus.se\/es\/wp-json\/wp\/v2\/media?parent=115644"}],"wp:term":[{"taxonomy":"product_brand","embeddable":true,"href":"https:\/\/secureus.se\/es\/wp-json\/wp\/v2\/product_brand?post=115644"},{"taxonomy":"product_cat","embeddable":true,"href":"https:\/\/secureus.se\/es\/wp-json\/wp\/v2\/product_cat?post=115644"},{"taxonomy":"product_tag","embeddable":true,"href":"https:\/\/secureus.se\/es\/wp-json\/wp\/v2\/product_tag?post=115644"}],"curies":[{"name":"wp","href":"https:\/\/api.w.org\/{rel}","templated":true}]}}