{"id":115647,"date":"2024-11-20T14:14:57","date_gmt":"2024-11-20T13:14:57","guid":{"rendered":"https:\/\/secureus.se\/?post_type=product&#038;p=115647"},"modified":"2026-01-12T12:03:56","modified_gmt":"2026-01-12T11:03:56","slug":"pallfotsficka-145-x-75-mm","status":"publish","type":"product","link":"https:\/\/secureus.se\/es\/pallfotsficka-145-x-75-mm\/","title":{"rendered":"Pie de palet 145 x 75 mm"},"content":{"rendered":"<p>El etiquetado claro y conciso de los palets mejora y agiliza el proceso de trabajo en almacenes e instalaciones de producci\u00f3n. Estas bolsas de pl\u00e1stico hechas de polipropileno duradero se pueden leer con un esc\u00e1ner y protegen los insertos reemplazables de la suciedad y el desgaste, al tiempo que facilitan la identificaci\u00f3n de los pallets. La pancarta se coloca alrededor de la base del palet y se cierra con velcro. Los bolsillos con agarre para el pulgar en los cuatro lados facilitan la extracci\u00f3n y el reemplazo de la etiqueta. La plantilla gratuita para la etiqueta est\u00e1 disponible en www.duraprint.se<br \/>\nDimensiones internas: 140 x 65\/90 x 65 (Ancho x Alto)<br \/>\nDimensiones externas: 596 x 75 x 0,8 mm (Ancho x Alto x Profundidad)<br \/>\nAccesorios: Etiquetas en hojas A4, art. No. 101002<\/p>","protected":false},"excerpt":{"rendered":"<p>Bolsillo para pie de pal\u00e9 para marcar palets. Se fija alrededor de la base del taburete con cierre de velcro.<\/p>","protected":false},"featured_media":133551,"template":"","meta":{"_acf_changed":false},"product_brand":[],"product_cat":[4306],"product_tag":[4395],"class_list":{"0":"post-115647","1":"product","2":"type-product","3":"status-publish","4":"has-post-thumbnail","6":"product_cat-markning-pallstall","7":"product_tag-gul","8":"product_shipping_class-tunga-paket","9":"pa_brands-durable","10":"pa_farg-gul","11":"tm-no-options","13":"first","14":"instock","15":"sale","16":"taxable","17":"shipping-taxable","18":"purchasable","19":"product-type-simple"},"acf":[],"_links":{"self":[{"href":"https:\/\/secureus.se\/es\/wp-json\/wp\/v2\/product\/115647","targetHints":{"allow":["GET"]}}],"collection":[{"href":"https:\/\/secureus.se\/es\/wp-json\/wp\/v2\/product"}],"about":[{"href":"https:\/\/secureus.se\/es\/wp-json\/wp\/v2\/types\/product"}],"wp:featuredmedia":[{"embeddable":true,"href":"https:\/\/secureus.se\/es\/wp-json\/wp\/v2\/media\/133551"}],"wp:attachment":[{"href":"https:\/\/secureus.se\/es\/wp-json\/wp\/v2\/media?parent=115647"}],"wp:term":[{"taxonomy":"product_brand","embeddable":true,"href":"https:\/\/secureus.se\/es\/wp-json\/wp\/v2\/product_brand?post=115647"},{"taxonomy":"product_cat","embeddable":true,"href":"https:\/\/secureus.se\/es\/wp-json\/wp\/v2\/product_cat?post=115647"},{"taxonomy":"product_tag","embeddable":true,"href":"https:\/\/secureus.se\/es\/wp-json\/wp\/v2\/product_tag?post=115647"}],"curies":[{"name":"wp","href":"https:\/\/api.w.org\/{rel}","templated":true}]}}