{"id":115679,"date":"2024-11-05T17:26:41","date_gmt":"2024-11-05T16:26:41","guid":{"rendered":"https:\/\/secureus.se\/?post_type=product&#038;p=115679"},"modified":"2026-01-12T12:34:29","modified_gmt":"2026-01-12T11:34:29","slug":"sherpa-panel-a4-4","status":"publish","type":"product","link":"https:\/\/secureus.se\/es\/sherpa-panel-a4-4\/","title":{"rendered":"PANEL SHERPA\u00ae A4"},"content":{"rendered":"<p>Bolsillos antirreflectantes y escaneables con marco de color para documentos en formato A4 como listas de precios, notas, etc. que quedan protegidos en el bolsillo. Para utilizar en sistemas de visi\u00f3n general con puntas integradas en el soporte. Apertura en la parte superior para cambio de documentos. Fabricado en pl\u00e1stico polipropileno. SHERPA\u00ae PANEL es el marco que se incluye en los sets completos de las series SHERPA\u00b0 y VARIO\u00b0 de DURABLE. La compra m\u00ednima es un pack de 5 paneles (negro, rojo, amarillo, verde y azul). 5 a\u00f1os de garant\u00eda. Los t\u00e9rminos de garant\u00eda se pueden encontrar aqu\u00ed: https:\/\/www.durable.se\/sv_SE\/service\/garanti\/garanti-foer-sherpa-vario\/<br \/>\nAccesorios: Soporte de cabezal n\u00famero de art\u00edculo 560919 o 560319<\/p>","protected":false},"excerpt":{"rendered":"<p>Bolsillo de pl\u00e1stico con marco de color. Adecuado para mesas y soportes de pared que tengan las puntas integradas en el soporte.<\/p>","protected":false},"featured_media":135711,"template":"","meta":{"_acf_changed":false},"product_brand":[],"product_cat":[4301],"product_tag":[4393],"class_list":{"0":"post-115679","1":"product","2":"type-product","3":"status-publish","4":"has-post-thumbnail","6":"product_cat-tillbehor-till-bladderpanelsystem","7":"product_tag-gra","8":"product_shipping_class-tunga-paket","9":"pa_brands-durable","10":"pa_farg-gra","11":"tm-no-options","13":"first","14":"instock","15":"sale","16":"taxable","17":"shipping-taxable","18":"purchasable","19":"product-type-simple"},"acf":[],"_links":{"self":[{"href":"https:\/\/secureus.se\/es\/wp-json\/wp\/v2\/product\/115679","targetHints":{"allow":["GET"]}}],"collection":[{"href":"https:\/\/secureus.se\/es\/wp-json\/wp\/v2\/product"}],"about":[{"href":"https:\/\/secureus.se\/es\/wp-json\/wp\/v2\/types\/product"}],"wp:featuredmedia":[{"embeddable":true,"href":"https:\/\/secureus.se\/es\/wp-json\/wp\/v2\/media\/135711"}],"wp:attachment":[{"href":"https:\/\/secureus.se\/es\/wp-json\/wp\/v2\/media?parent=115679"}],"wp:term":[{"taxonomy":"product_brand","embeddable":true,"href":"https:\/\/secureus.se\/es\/wp-json\/wp\/v2\/product_brand?post=115679"},{"taxonomy":"product_cat","embeddable":true,"href":"https:\/\/secureus.se\/es\/wp-json\/wp\/v2\/product_cat?post=115679"},{"taxonomy":"product_tag","embeddable":true,"href":"https:\/\/secureus.se\/es\/wp-json\/wp\/v2\/product_tag?post=115679"}],"curies":[{"name":"wp","href":"https:\/\/api.w.org\/{rel}","templated":true}]}}