{"id":115683,"date":"2024-11-20T13:58:05","date_gmt":"2024-11-20T12:58:05","guid":{"rendered":"https:\/\/secureus.se\/?post_type=product&#038;p=115683"},"modified":"2026-01-12T12:29:05","modified_gmt":"2026-01-12T11:29:05","slug":"inforam-sjalvhaftande-duraframe-note-a4","status":"publish","type":"product","link":"https:\/\/secureus.se\/es\/inforam-sjalvhaftande-duraframe-note-a4\/","title":{"rendered":"Nota autoadhesiva DURAFRAME\u00ae A4 de Inforam"},"content":{"rendered":"<p>Utilice el marco de informaci\u00f3n autoadhesivo DURAFRAME\u00ae NOTE para, por ejemplo, listas de verificaci\u00f3n, programas de limpieza, listas de registro o controles de mantenimiento donde se deben realizar notas directamente en el papel. Manejo r\u00e1pido y sencillo: retire el papel protector, pegue el Duraframe, levante la parte frontal con el cierre magn\u00e9tico, inserte hasta 5 hojas A4 de 80 g, doble la parte frontal y \u00a1listo! F\u00e1cil de instalar, sin herramientas ni otros accesorios, en superficies s\u00f3lidas y lisas. M\u00e1s limpio y f\u00e1cil de manejar que, por ejemplo, la cinta, las chinchetas o las grapas. El inserto se fija de forma segura en su lugar gracias a los imanes en los tres lados que se pueden abrir. Portal\u00e1pices en un lado. El marco se ve igual en la parte delantera y trasera y si est\u00e1 montado sobre vidrio, la informaci\u00f3n se puede leer desde dos lados. El marco se puede quitar de los paneles de vidrio. Las superficies pintadas, revestidas o laminadas pueden da\u00f1arse si se quita el marco. Para documentos en formato A4.<br \/>\nPaquete de 1.<\/p>","protected":false},"excerpt":{"rendered":"<p>Marco de informaci\u00f3n autoadhesivo, f\u00e1cil de usar, para tomar notas directamente sobre el papel. Frontal con cierre magn\u00e9tico para f\u00e1cil sustituci\u00f3n del inserto. <\/p>","protected":false},"featured_media":135012,"template":"","meta":{"_acf_changed":false},"product_brand":[],"product_cat":[4296],"product_tag":[4381],"class_list":{"0":"post-115683","1":"product","2":"type-product","3":"status-publish","4":"has-post-thumbnail","6":"product_cat-inforamar-for-slata-ytor","7":"product_tag-svart","8":"product_shipping_class-tunga-paket","9":"pa_brands-durable","10":"pa_farg-svart","11":"tm-no-options","13":"first","14":"instock","15":"sale","16":"taxable","17":"shipping-taxable","18":"purchasable","19":"product-type-simple"},"acf":[],"_links":{"self":[{"href":"https:\/\/secureus.se\/es\/wp-json\/wp\/v2\/product\/115683","targetHints":{"allow":["GET"]}}],"collection":[{"href":"https:\/\/secureus.se\/es\/wp-json\/wp\/v2\/product"}],"about":[{"href":"https:\/\/secureus.se\/es\/wp-json\/wp\/v2\/types\/product"}],"wp:featuredmedia":[{"embeddable":true,"href":"https:\/\/secureus.se\/es\/wp-json\/wp\/v2\/media\/135012"}],"wp:attachment":[{"href":"https:\/\/secureus.se\/es\/wp-json\/wp\/v2\/media?parent=115683"}],"wp:term":[{"taxonomy":"product_brand","embeddable":true,"href":"https:\/\/secureus.se\/es\/wp-json\/wp\/v2\/product_brand?post=115683"},{"taxonomy":"product_cat","embeddable":true,"href":"https:\/\/secureus.se\/es\/wp-json\/wp\/v2\/product_cat?post=115683"},{"taxonomy":"product_tag","embeddable":true,"href":"https:\/\/secureus.se\/es\/wp-json\/wp\/v2\/product_tag?post=115683"}],"curies":[{"name":"wp","href":"https:\/\/api.w.org\/{rel}","templated":true}]}}