{"id":115742,"date":"2024-12-07T15:21:16","date_gmt":"2024-12-07T14:21:16","guid":{"rendered":"https:\/\/secureus.se\/?post_type=product&#038;p=115742"},"modified":"2026-01-12T12:34:51","modified_gmt":"2026-01-12T11:34:51","slug":"rubrikhallare-58mm-sherpa-panel","status":"publish","type":"product","link":"https:\/\/secureus.se\/es\/rubrikhallare-58mm-sherpa-panel\/","title":{"rendered":"Soporte de cabecera 58mm SHERPA\u00ae PANEL"},"content":{"rendered":"<p>Portaetiquetas de 58 mm con etiquetas blancas para encontrar r\u00e1pidamente la informaci\u00f3n que buscas. Se sujeta en la parte superior o lateral de los marcos de colores de los bolsillos de pl\u00e1stico SHERPA\u00ae PANEL. Se puede mover en pasos fijos o quitar por completo. 5 a lo largo de un lado largo hace que toda la pesta\u00f1a de la etiqueta sea visible. Bolsa de 10 uds.<\/p>","protected":false},"excerpt":{"rendered":"<p>Portacabezales de 58 mm apto para bolsillos de pl\u00e1stico SHERPA\u00ae PANEL.<\/p>","protected":false},"featured_media":135374,"template":"","meta":{"_acf_changed":false},"product_brand":[],"product_cat":[4301],"product_tag":[4376],"class_list":{"0":"post-115742","1":"product","2":"type-product","3":"status-publish","4":"has-post-thumbnail","6":"product_cat-tillbehor-till-bladderpanelsystem","7":"product_tag-transparent","8":"product_shipping_class-tunga-paket","9":"pa_brands-durable","10":"pa_farg-transparent","11":"tm-no-options","13":"first","14":"instock","15":"sale","16":"taxable","17":"shipping-taxable","18":"purchasable","19":"product-type-simple"},"acf":[],"_links":{"self":[{"href":"https:\/\/secureus.se\/es\/wp-json\/wp\/v2\/product\/115742","targetHints":{"allow":["GET"]}}],"collection":[{"href":"https:\/\/secureus.se\/es\/wp-json\/wp\/v2\/product"}],"about":[{"href":"https:\/\/secureus.se\/es\/wp-json\/wp\/v2\/types\/product"}],"wp:featuredmedia":[{"embeddable":true,"href":"https:\/\/secureus.se\/es\/wp-json\/wp\/v2\/media\/135374"}],"wp:attachment":[{"href":"https:\/\/secureus.se\/es\/wp-json\/wp\/v2\/media?parent=115742"}],"wp:term":[{"taxonomy":"product_brand","embeddable":true,"href":"https:\/\/secureus.se\/es\/wp-json\/wp\/v2\/product_brand?post=115742"},{"taxonomy":"product_cat","embeddable":true,"href":"https:\/\/secureus.se\/es\/wp-json\/wp\/v2\/product_cat?post=115742"},{"taxonomy":"product_tag","embeddable":true,"href":"https:\/\/secureus.se\/es\/wp-json\/wp\/v2\/product_tag?post=115742"}],"curies":[{"name":"wp","href":"https:\/\/api.w.org\/{rel}","templated":true}]}}