{"id":115747,"date":"2024-11-05T17:25:59","date_gmt":"2024-11-05T16:25:59","guid":{"rendered":"https:\/\/secureus.se\/?post_type=product&#038;p=115747"},"modified":"2026-01-12T12:37:24","modified_gmt":"2026-01-12T11:37:24","slug":"sherpa-panel-bact-o-clean-a4","status":"publish","type":"product","link":"https:\/\/secureus.se\/es\/sherpa-panel-bact-o-clean-a4\/","title":{"rendered":"PANEL SHERPA\u00ae BACT-O-CLEAN A4"},"content":{"rendered":"<p>Bolsas de pl\u00e1stico de polipropileno que tienen un aditivo que evita el crecimiento de microorganismos. SHERPA\u00ae PANEL BACT-O-CLEAN es perfecto para informaci\u00f3n que es utilizada por muchos, por ejemplo en el sector sanitario o en cocinas comerciales. Para documentos en formato A4, adecuado para su uso en sistemas de visi\u00f3n general con pinchos integrados en el soporte. Apertura en la parte superior y en el lado izquierdo para facilitar la sustituci\u00f3n de documentos. 5 a\u00f1os de garant\u00eda. Los t\u00e9rminos de garant\u00eda se pueden encontrar aqu\u00ed: https:\/\/www.durable.se\/sv_SE\/service\/garanti\/garanti-foer-sherpa-vario\/<\/p>","protected":false},"excerpt":{"rendered":"<p>Bolsillo de pl\u00e1stico tratado con BACT-O-CLEAN. Adecuado para mesas y soportes de pared que tengan las puntas integradas en el soporte.<\/p>","protected":false},"featured_media":135761,"template":"","meta":{"_acf_changed":false},"product_brand":[],"product_cat":[4301],"product_tag":[],"class_list":{"0":"post-115747","1":"product","2":"type-product","3":"status-publish","4":"has-post-thumbnail","6":"product_cat-tillbehor-till-bladderpanelsystem","7":"product_shipping_class-tunga-paket","8":"pa_brands-durable","9":"pa_farg-ljusbla","10":"tm-no-options","12":"first","13":"instock","14":"sale","15":"taxable","16":"shipping-taxable","17":"purchasable","18":"product-type-simple"},"acf":[],"_links":{"self":[{"href":"https:\/\/secureus.se\/es\/wp-json\/wp\/v2\/product\/115747","targetHints":{"allow":["GET"]}}],"collection":[{"href":"https:\/\/secureus.se\/es\/wp-json\/wp\/v2\/product"}],"about":[{"href":"https:\/\/secureus.se\/es\/wp-json\/wp\/v2\/types\/product"}],"wp:featuredmedia":[{"embeddable":true,"href":"https:\/\/secureus.se\/es\/wp-json\/wp\/v2\/media\/135761"}],"wp:attachment":[{"href":"https:\/\/secureus.se\/es\/wp-json\/wp\/v2\/media?parent=115747"}],"wp:term":[{"taxonomy":"product_brand","embeddable":true,"href":"https:\/\/secureus.se\/es\/wp-json\/wp\/v2\/product_brand?post=115747"},{"taxonomy":"product_cat","embeddable":true,"href":"https:\/\/secureus.se\/es\/wp-json\/wp\/v2\/product_cat?post=115747"},{"taxonomy":"product_tag","embeddable":true,"href":"https:\/\/secureus.se\/es\/wp-json\/wp\/v2\/product_tag?post=115747"}],"curies":[{"name":"wp","href":"https:\/\/api.w.org\/{rel}","templated":true}]}}