{"id":115750,"date":"2024-11-20T14:11:58","date_gmt":"2024-11-20T13:11:58","guid":{"rendered":"https:\/\/secureus.se\/?post_type=product&#038;p=115750"},"modified":"2026-01-12T12:49:13","modified_gmt":"2026-01-12T11:49:13","slug":"namnskylt-40x75-med-magnet-fix-placehold","status":"publish","type":"product","link":"https:\/\/secureus.se\/es\/namnskylt-40x75-med-magnet-fix-placehold\/","title":{"rendered":"Placa de identificaci\u00f3n 40\u00d775 con fijaci\u00f3n magn\u00e9tica (place&amp;hold)"},"content":{"rendered":"<p>Participantes en congresos, visitantes de empresas, colaboradores en ferias, en tiendas, profesionales del sector servicios, vendedores\u2026 la lista puede ser muy larga cuando se necesitan credenciales con nombres en distintos tama\u00f1os, dise\u00f1os y posibilidades de fijaci\u00f3n. Se trata de una etiqueta de nombre apta para textiles que no dejar\u00e1 agujeros en tu ropa. El soporte magn\u00e9tico est\u00e1 fijo para que la placa permanezca en la posici\u00f3n deseada y no gire en ninguna direcci\u00f3n. \u00a1NOTA! No apto para personas con marcapasos. Agarre para el pulgar recortado en la parte posterior para reemplazar f\u00e1cilmente la etiqueta con el nombre. Se incluyen etiquetas blancas en una tira. Las etiquetas en hojas A4 para imprimir en la impresora se pueden pedir por separado. Utilice el programa gratuito DURAPRINT\u00ae disponible en www.duraprint.se para crear e imprimir elegantes etiquetas con nombres.<br \/>\nAccesorios:<br \/>\nEtiquetas Badgemaker\u00ae en hojas A4 para imprimir en impresoras, n.\u00ba de art\u00edculo 145302<\/p>","protected":false},"excerpt":{"rendered":"<p>Placa de identificaci\u00f3n 40\u00d775 con soporte magn\u00e9tico fijo. El soporte sujeta la placa de identificaci\u00f3n en la posici\u00f3n deseada. 25 piezas\/paquete.<\/p>","protected":false},"featured_media":133726,"template":"","meta":{"_acf_changed":false},"product_brand":[],"product_cat":[4286],"product_tag":[4376],"class_list":{"0":"post-115750","1":"product","2":"type-product","3":"status-publish","4":"has-post-thumbnail","6":"product_cat-namnskyltar-med-magnet","7":"product_tag-transparent","8":"product_shipping_class-tunga-paket","9":"pa_brands-durable","10":"pa_farg-transparent","11":"tm-no-options","13":"first","14":"instock","15":"sale","16":"taxable","17":"shipping-taxable","18":"purchasable","19":"product-type-simple"},"acf":[],"_links":{"self":[{"href":"https:\/\/secureus.se\/es\/wp-json\/wp\/v2\/product\/115750","targetHints":{"allow":["GET"]}}],"collection":[{"href":"https:\/\/secureus.se\/es\/wp-json\/wp\/v2\/product"}],"about":[{"href":"https:\/\/secureus.se\/es\/wp-json\/wp\/v2\/types\/product"}],"wp:featuredmedia":[{"embeddable":true,"href":"https:\/\/secureus.se\/es\/wp-json\/wp\/v2\/media\/133726"}],"wp:attachment":[{"href":"https:\/\/secureus.se\/es\/wp-json\/wp\/v2\/media?parent=115750"}],"wp:term":[{"taxonomy":"product_brand","embeddable":true,"href":"https:\/\/secureus.se\/es\/wp-json\/wp\/v2\/product_brand?post=115750"},{"taxonomy":"product_cat","embeddable":true,"href":"https:\/\/secureus.se\/es\/wp-json\/wp\/v2\/product_cat?post=115750"},{"taxonomy":"product_tag","embeddable":true,"href":"https:\/\/secureus.se\/es\/wp-json\/wp\/v2\/product_tag?post=115750"}],"curies":[{"name":"wp","href":"https:\/\/api.w.org\/{rel}","templated":true}]}}