{"id":115790,"date":"2024-11-20T14:12:21","date_gmt":"2024-11-20T13:12:21","guid":{"rendered":"https:\/\/secureus.se\/?post_type=product&#038;p=115790"},"modified":"2026-01-12T12:47:38","modified_gmt":"2026-01-12T11:47:38","slug":"namnskylt-54x90-krokodilklamma","status":"publish","type":"product","link":"https:\/\/secureus.se\/es\/namnskylt-54x90-krokodilklamma\/","title":{"rendered":"Placa de identificaci\u00f3n 54\u00d790, pinza de cocodrilo"},"content":{"rendered":"<p>Participantes en congresos, visitantes de empresas, colaboradores en ferias, en tiendas, profesionales del sector servicios, vendedores\u2026 la lista puede ser muy larga cuando se necesitan credenciales con nombres en distintos tama\u00f1os, dise\u00f1os y posibilidades de fijaci\u00f3n. La fuerte pinza de cocodrilo de este cartel en formato de tarjeta de presentaci\u00f3n de 54 x 90 mm puede girar 360\u00b0, lo que significa que se puede colocar, por ejemplo, en solapas y corbatas sin que quede torcido. La insignia tambi\u00e9n se puede empujar hacia abajo hasta el borde del bolsillo del pecho, de modo que la insignia con el nombre sea visible y la parte posterior quede en el interior del bolsillo. El agarre para el pulgar permite extraer la tarjeta con facilidad. Se incluyen etiquetas blancas en una tira. Las etiquetas en hojas A4 para imprimir en la impresora se pueden pedir por separado. Utilice el programa gratuito DURAPRINT\u00ae disponible en www.duraprint.se para crear e imprimir elegantes etiquetas con nombres.<br \/>\nAccesorios:<br \/>\nEtiquetas Badgemaker\u00ae en hojas A4 para imprimir en impresoras, n.\u00ba de art\u00edculo 145502<\/p>","protected":false},"excerpt":{"rendered":"<p>Placa de identificaci\u00f3n sujetada con pinza de cocodrilo. El formato de 54 x 90 mm es est\u00e1ndar para tarjetas de visita. 25 piezas\/paquete.<\/p>","protected":false},"featured_media":133710,"template":"","meta":{"_acf_changed":false},"product_brand":[],"product_cat":[4285],"product_tag":[4376],"class_list":{"0":"post-115790","1":"product","2":"type-product","3":"status-publish","4":"has-post-thumbnail","6":"product_cat-namnskyltar-med-klamma","7":"product_tag-transparent","8":"product_shipping_class-tunga-paket","9":"pa_brands-durable","10":"pa_farg-transparent","11":"tm-no-options","13":"first","14":"instock","15":"sale","16":"taxable","17":"shipping-taxable","18":"purchasable","19":"product-type-simple"},"acf":[],"_links":{"self":[{"href":"https:\/\/secureus.se\/es\/wp-json\/wp\/v2\/product\/115790","targetHints":{"allow":["GET"]}}],"collection":[{"href":"https:\/\/secureus.se\/es\/wp-json\/wp\/v2\/product"}],"about":[{"href":"https:\/\/secureus.se\/es\/wp-json\/wp\/v2\/types\/product"}],"wp:featuredmedia":[{"embeddable":true,"href":"https:\/\/secureus.se\/es\/wp-json\/wp\/v2\/media\/133710"}],"wp:attachment":[{"href":"https:\/\/secureus.se\/es\/wp-json\/wp\/v2\/media?parent=115790"}],"wp:term":[{"taxonomy":"product_brand","embeddable":true,"href":"https:\/\/secureus.se\/es\/wp-json\/wp\/v2\/product_brand?post=115790"},{"taxonomy":"product_cat","embeddable":true,"href":"https:\/\/secureus.se\/es\/wp-json\/wp\/v2\/product_cat?post=115790"},{"taxonomy":"product_tag","embeddable":true,"href":"https:\/\/secureus.se\/es\/wp-json\/wp\/v2\/product_tag?post=115790"}],"curies":[{"name":"wp","href":"https:\/\/api.w.org\/{rel}","templated":true}]}}