{"id":115817,"date":"2024-11-20T14:04:21","date_gmt":"2024-11-20T13:04:21","guid":{"rendered":"https:\/\/secureus.se\/?post_type=product&#038;p=115817"},"modified":"2026-01-12T12:10:57","modified_gmt":"2026-01-12T11:10:57","slug":"forsta-hjalpen-produkter-set-l-din-131572021","status":"publish","type":"product","link":"https:\/\/secureus.se\/es\/forsta-hjalpen-produkter-set-l-din-131572021\/","title":{"rendered":"Juego de productos de primeros auxilios L DIN 13157:2021"},"content":{"rendered":"<p>Re\u00fana los suministros de primeros auxilios, pastillas para el dolor de cabeza y similares en un solo lugar, para que sean f\u00e1cilmente accesibles cuando los necesite. BOTIQU\u00cdN DE PRIMEROS AUXILIOS L es una gama completa de art\u00edculos de primeros auxilios, por ejemplo: Tiritas, compresas, vendas, esparadrapo, guantes de pl\u00e1stico, manta de salvamento (que protege contra la hipotermia) seg\u00fan DIN 13157 (apto para empresas administrativas y comerciales de hasta 50 empleados, empresas de fabricaci\u00f3n de hasta 20 empleados o obras de construcci\u00f3n de hasta 10 empleados). Adecuado como relleno o recambio para BOTIQU\u00cdN DE PRIMEROS AUXILIOS L.<br \/>\nAccesorios: Botiqu\u00edn de primeros auxilios vac\u00edo, art\u00edculo n.\u00ba 197323<\/p>","protected":false},"excerpt":{"rendered":"<p>Conjunto de 65 art\u00edculos de primeros auxilios destinados a ser utilizados en la vida laboral y en la vida comunitaria.<\/p>","protected":false},"featured_media":133915,"template":"","meta":{"_acf_changed":false},"product_brand":[],"product_cat":[1573],"product_tag":[],"class_list":{"0":"post-115817","1":"product","2":"type-product","3":"status-publish","4":"has-post-thumbnail","6":"product_cat-forsta-hjalpen","7":"product_shipping_class-tunga-paket","8":"pa_brands-durable","9":"tm-no-options","11":"first","12":"instock","13":"sale","14":"taxable","15":"shipping-taxable","16":"purchasable","17":"product-type-simple"},"acf":[],"_links":{"self":[{"href":"https:\/\/secureus.se\/es\/wp-json\/wp\/v2\/product\/115817","targetHints":{"allow":["GET"]}}],"collection":[{"href":"https:\/\/secureus.se\/es\/wp-json\/wp\/v2\/product"}],"about":[{"href":"https:\/\/secureus.se\/es\/wp-json\/wp\/v2\/types\/product"}],"wp:featuredmedia":[{"embeddable":true,"href":"https:\/\/secureus.se\/es\/wp-json\/wp\/v2\/media\/133915"}],"wp:attachment":[{"href":"https:\/\/secureus.se\/es\/wp-json\/wp\/v2\/media?parent=115817"}],"wp:term":[{"taxonomy":"product_brand","embeddable":true,"href":"https:\/\/secureus.se\/es\/wp-json\/wp\/v2\/product_brand?post=115817"},{"taxonomy":"product_cat","embeddable":true,"href":"https:\/\/secureus.se\/es\/wp-json\/wp\/v2\/product_cat?post=115817"},{"taxonomy":"product_tag","embeddable":true,"href":"https:\/\/secureus.se\/es\/wp-json\/wp\/v2\/product_tag?post=115817"}],"curies":[{"name":"wp","href":"https:\/\/api.w.org\/{rel}","templated":true}]}}