{"id":115826,"date":"2024-11-20T14:16:43","date_gmt":"2024-11-20T13:16:43","guid":{"rendered":"https:\/\/secureus.se\/?post_type=product&#038;p=115826"},"modified":"2026-01-12T12:00:29","modified_gmt":"2026-01-12T11:00:29","slug":"pabudsdekal-tvatta-handerna-borttagbar","status":"publish","type":"product","link":"https:\/\/secureus.se\/es\/pabudsdekal-tvatta-handerna-borttagbar\/","title":{"rendered":"Pegatina obligatoria extra\u00edble de \u201cL\u00e1vese las manos\u201d"},"content":{"rendered":"<p>Para una mayor seguridad en entornos p\u00fablicos: pegatinas para marcar el suelo con s\u00edmbolos de obligatoriedad o prohibici\u00f3n que ayudan a comunicar las normas de higiene y distanciamiento social. Pegatina de suelo grande, autoadhesiva y extra\u00edble &quot;L\u00e1vese las manos&quot; que recuerda e informa claramente que es necesario lavarse las manos. Se adhiere a pisos de concreto limpios y secos. Nivel de resistencia al deslizamiento R9 seg\u00fan DIN 51130. Las se\u00f1ales cumplen los requisitos de la norma ISO 7010.<br \/>\nDimensiones: \u00d8 430 mm, espesor 0,2 mm<\/p>","protected":false},"excerpt":{"rendered":"<p>Se\u00f1al de obligaci\u00f3n autoadhesiva y removible para aplicaci\u00f3n en suelo. Proporciona informaci\u00f3n clara y recordatorios sobre el lavado de manos y contribuye a aumentar la seguridad y la conciencia de los riesgos.<\/p>","protected":false},"featured_media":133832,"template":"","meta":{"_acf_changed":false},"product_brand":[],"product_cat":[4307],"product_tag":[4387],"class_list":{"0":"post-115826","1":"product","2":"type-product","3":"status-publish","4":"has-post-thumbnail","6":"product_cat-sakerhetsmarkning","7":"product_tag-bla","8":"product_shipping_class-tunga-paket","9":"pa_brands-durable","10":"pa_farg-bla","11":"tm-no-options","13":"first","14":"instock","15":"sale","16":"taxable","17":"shipping-taxable","18":"purchasable","19":"product-type-simple"},"acf":[],"_links":{"self":[{"href":"https:\/\/secureus.se\/es\/wp-json\/wp\/v2\/product\/115826","targetHints":{"allow":["GET"]}}],"collection":[{"href":"https:\/\/secureus.se\/es\/wp-json\/wp\/v2\/product"}],"about":[{"href":"https:\/\/secureus.se\/es\/wp-json\/wp\/v2\/types\/product"}],"wp:featuredmedia":[{"embeddable":true,"href":"https:\/\/secureus.se\/es\/wp-json\/wp\/v2\/media\/133832"}],"wp:attachment":[{"href":"https:\/\/secureus.se\/es\/wp-json\/wp\/v2\/media?parent=115826"}],"wp:term":[{"taxonomy":"product_brand","embeddable":true,"href":"https:\/\/secureus.se\/es\/wp-json\/wp\/v2\/product_brand?post=115826"},{"taxonomy":"product_cat","embeddable":true,"href":"https:\/\/secureus.se\/es\/wp-json\/wp\/v2\/product_cat?post=115826"},{"taxonomy":"product_tag","embeddable":true,"href":"https:\/\/secureus.se\/es\/wp-json\/wp\/v2\/product_tag?post=115826"}],"curies":[{"name":"wp","href":"https:\/\/api.w.org\/{rel}","templated":true}]}}