{"id":115840,"date":"2024-12-07T15:21:16","date_gmt":"2024-12-07T14:21:16","guid":{"rendered":"https:\/\/secureus.se\/?post_type=product&#038;p=115840"},"modified":"2026-01-12T12:35:05","modified_gmt":"2026-01-12T11:35:05","slug":"sherpa-extension-module-10","status":"publish","type":"product","link":"https:\/\/secureus.se\/es\/sherpa-extension-module-10\/","title":{"rendered":"M\u00d3DULO DE EXTENSI\u00d3N SHERPA\u00ae 10"},"content":{"rendered":"<p>Secci\u00f3n de extensi\u00f3n con espacio para 10 paneles para ampliar el soporte de mesa SHERPA\u00ae. Se puede utilizar con los soportes de mesa 5623, 5632 y 5519. Los bolsillos (marcos, paneles) se piden por separado. 5 a\u00f1os de garant\u00eda. Los t\u00e9rminos de garant\u00eda se pueden encontrar aqu\u00ed: https:\/\/www.durable.se\/sv_SE\/service\/garanti\/garanti-foer-sherpa-vario\/<br \/>\nAccesorios: SHERPA\u00b0PANEL art\u00edculo n\u00famero 5606 en varios colores. Portacabezal 560919 o 560319<\/p>","protected":false},"excerpt":{"rendered":"<p>M\u00f3dulo de expansi\u00f3n vac\u00edo para soportes de mesa SHERPA\u00ae 5623, 5632 y 5519.<\/p>","protected":false},"featured_media":135403,"template":"","meta":{"_acf_changed":false},"product_brand":[],"product_cat":[4298],"product_tag":[4394],"class_list":{"0":"post-115840","1":"product","2":"type-product","3":"status-publish","4":"has-post-thumbnail","6":"product_cat-bladderstall-bord","7":"product_tag-antracitgra","8":"product_shipping_class-tunga-paket","9":"pa_brands-durable","10":"pa_farg-antracitgra","11":"tm-no-options","13":"first","14":"instock","15":"sale","16":"taxable","17":"shipping-taxable","18":"purchasable","19":"product-type-simple"},"acf":[],"_links":{"self":[{"href":"https:\/\/secureus.se\/es\/wp-json\/wp\/v2\/product\/115840","targetHints":{"allow":["GET"]}}],"collection":[{"href":"https:\/\/secureus.se\/es\/wp-json\/wp\/v2\/product"}],"about":[{"href":"https:\/\/secureus.se\/es\/wp-json\/wp\/v2\/types\/product"}],"wp:featuredmedia":[{"embeddable":true,"href":"https:\/\/secureus.se\/es\/wp-json\/wp\/v2\/media\/135403"}],"wp:attachment":[{"href":"https:\/\/secureus.se\/es\/wp-json\/wp\/v2\/media?parent=115840"}],"wp:term":[{"taxonomy":"product_brand","embeddable":true,"href":"https:\/\/secureus.se\/es\/wp-json\/wp\/v2\/product_brand?post=115840"},{"taxonomy":"product_cat","embeddable":true,"href":"https:\/\/secureus.se\/es\/wp-json\/wp\/v2\/product_cat?post=115840"},{"taxonomy":"product_tag","embeddable":true,"href":"https:\/\/secureus.se\/es\/wp-json\/wp\/v2\/product_tag?post=115840"}],"curies":[{"name":"wp","href":"https:\/\/api.w.org\/{rel}","templated":true}]}}